{"id":10639,"date":"2017-09-12T10:31:13","date_gmt":"2017-09-12T10:31:13","guid":{"rendered":"http:\/\/friendlyiran.com\/?page_id=10639\/"},"modified":"2022-04-17T21:46:26","modified_gmt":"2022-04-17T18:16:26","slug":"iran-informazioni-di-viaggio","status":"publish","type":"page","link":"https:\/\/friendlyiran.com\/it\/iran-informazioni-di-viaggio\/","title":{"rendered":"Iran guida di viaggio 2022"},"content":{"rendered":"<p><span style=\"color: #000000;\"><strong>\u00a0<\/strong><\/span><\/p>\n<p><span style=\"color: #000000;\"><strong>per le donne <\/strong><\/span><\/p>\n<p style=\"text-align: justify;\"><span style=\"color: #000000;\">Le femmine che programmano un viaggio in Iran dovrebbero avere il Hijab,significa che\u00a0 tutte le donne sono obbligate ad avere il capo e le spalle coperte da <strong>un foulard<\/strong> in tutti i luoghi che sono publici e per la strada(piazza,mercati,locali,..)ed anche deve vestire<strong> abiti larghi<\/strong> e <strong>lunghi<\/strong> come <strong>Camice<\/strong> o<strong> tuniche<\/strong> che coprano fino a met\u00e0 gamba.Pantaloni lunghi, jeans o gonne, che coprano completamente le gambe. Per andare ai luoghi religiosi \u00e8 deve vestire <strong>lo chador<\/strong>, un mantello nero o colorato in cui si avvolge la donna da capo a piedi.<\/span><\/p>\n<p><span style=\"color: #000000;\"><strong>per gli uomini<\/strong><\/span><\/p>\n<p><span style=\"color: #000000;\">Vestiti normali come in Italia. Richiesti i <strong>pantaloni<\/strong>\u00a0 lunghi, Jeans, camicia o felpa, \u00a0giacchetto sportivo ,ma ricordatevi che d\u2019estate i pantaloncini corti sono vietate.<\/span><\/p>\n<p><span style=\"color: #000000;\"><strong>Moneta e pagamenti:<\/strong><\/span><\/p>\n<p style=\"text-align: justify;\"><span style=\"color: #000000;\">Rial \u00e8 la moneta ufficiale Iraniana, Sarebbe tutto facile se cos\u00ec fosse eppure a creare confusione,1Toman che corrisponde a un importo di 10 Riyal. Ecco quindi che 50.000 rial diventano 5.000 Toman.Devi sapere che nelle transazioni di tutti i giorni la valuta \u00e8 sempre il Toman.<\/span><\/p>\n<p style=\"text-align: justify;\"><span style=\"color: #000000;\">Perche la vostre <strong>carte di credito<\/strong> e <strong>bancomat<\/strong> sono non funzionata in Iran \u00e8 importante che Preparate quindi tutto il <strong>budget<\/strong> che vi servir\u00e0 in soldi Euro o Dollari prima della partenza.<\/span><\/p>\n<p><span style=\"color: #000000;\"><strong>Clima<\/strong><\/span><\/p>\n<p style=\"text-align: justify;\"><span style=\"color: #000000;\">Il clima dell\u2019Iran \u00e8 continentale come Italia.In inverno \u00e8 rigido e l\u2019estate \u00e8 caldo. La temperatura vari in basse all\u2019altezza.In genere i periodi migliori per visitare l&#8217;Iran vanno da met\u00e0 aprile all&#8217;inizio di <strong>giugno<\/strong> e dalla fine di <strong>settembre<\/strong> ai primi di <strong>novembre<\/strong>: eviterete cos\u00ec il lungo e freddo inverno del nord, <strong>il Capodanno iraniano<\/strong> (fine di marzo) e l&#8217;estate, che pu\u00f2 essere particolarmente calda in buona parte del paese, e non \u00e8 affatto piacevole.<\/span><\/p>\n<p>[\/vc_column_text][\/vc_column][\/vc_row][vc_row][vc_column width=&#8221;2\/6&#8243;][vc_empty_space height=&#8221;25px&#8221;][vc_single_image image=&#8221;24310&#8243;][\/vc_column][vc_column width=&#8221;4\/6&#8243;][vc_empty_space height=&#8221;100px&#8221;][vc_column_text]<span style=\"color: #000000;\"><strong>Internet e wifi<\/strong><\/span><\/p>\n<p><span style=\"color: #000000;\">Rete di internet \u00e8 limitato.Il wifi \u00e8 presente in tutti gli hotel gratis o a pagamento di 0.50 Euro al giorno.60% dei giovani Iraniani usa internet.La maggior parte di giovani utilizza\u00a0 VPN per bypassare i filtri per i siti come FACEBOOK e TWITTER.<\/span><\/p>\n<p><span style=\"color: #000000;\"><strong>Cibi e Bevande<\/strong><\/span><\/p>\n<p style=\"text-align: justify;\"><span style=\"color: #000000;\"><strong>la cucina iraniana<\/strong> \u00e8 eccellente.Il riso \u00e8 piatto principale sul <strong>tavola iraniana<\/strong> e viene servito spesso aromatizzato con lo <strong>zafferano<\/strong>. il Chelo Kabab \u00e8 un piatto nazionale reperibile in qualsiasi ristorante \u00e8 fatto di spiedini di carne a pezzetti (koubid\u00e9) anche marinata (barg) con di riso cotto al vapore e con l&#8217;aggiunta di zafferano. Spesso \u00e8 accompagnato da pomodori grigliati.<\/span><\/p>\n<p style=\"text-align: justify;\"><span style=\"color: #000000;\">Il t\u00e8 \u00e8 la <strong>principale bevanda<\/strong>, non solo durante la colazione,ed anche durante tutto l\u2019arco della giornata.<\/span><\/p>\n<p style=\"text-align: justify;\"><span style=\"color: #000000;\">C\u2019\u00e8 una particolare bevanda,si chiama Dugh, a base di acqua gassata, yogurt e aromi naturali aggiunti.<\/span><\/p>\n<p style=\"text-align: justify;\"><span style=\"color: #000000;\">L\u2019alcol in Iran \u00e8 proibito e la birra \u00e8 senza alcohol.<\/span><\/p>\n<p><span style=\"color: #000000;\"><strong>Se siete vegetariani<\/strong><\/span><\/p>\n<p style=\"text-align: justify;\"><span style=\"color: #000000;\">In Iran ci sono qualche piatto vegetariano come \u201cGormeh Sabzi\u201d, un piatto a base di fagioli e verdure ,con il riso(Berenj) allo zafferano e altre cosema ed anche tantissimo \u00a0Piatto \u201cMirza Ghasemi\u201d uno stufato di melanzane ricoperto di uova strapazzate.<\/span><\/p>\n<p>[\/vc_column_text][\/vc_column][\/vc_row][vc_row][vc_column width=&#8221;2\/6&#8243;][vc_empty_space height=&#8221;25px&#8221;][vc_single_image image=&#8221;24327&#8243;][\/vc_column][vc_column width=&#8221;4\/6&#8243;][vc_empty_space height=&#8221;80px&#8221;][vc_column_text]<strong><span style=\"color: #000000;\">Visto<\/span><\/strong><\/p>\n<p style=\"text-align: justify;\"><span style=\"color: #000000;\">\u00c8 richiesto un visto Iraniano valido. Il <strong>passaporto<\/strong> valido almeno 6 mesi dalla data di partenza. Il passaporto deve avere almeno 2pagine libere.Stampare il tuo <strong>visto nell\u2019aeroporto<\/strong> <strong>internazionale di arrivo<\/strong>. Se approvato, l&#8217;MFA invia un <strong>numero di autorizzazione<\/strong> al consolato, che prende il modulo di domanda, le foto del passaporto e la tassa e rilascia il visto. Le tasse variano a seconda del paese di origine; Per maggiori informazioni vedere il sito web dell&#8217;<strong>ambasciata dell\u2019Iran<\/strong>,\u00a0 <a style=\"color: #000000;\" href=\"https:\/\/www.ambasciatairan.it\/\">https:\/\/www.ambasciatairan.it\/<\/a> .<\/span><\/p>\n<p><span style=\"color: #000000;\"><strong>Telefono:<\/strong><\/span><\/p>\n<p style=\"text-align: justify;\"><span style=\"color: #000000;\">Il prefisso per telefonare Iran \u00e8 0098,dopo seguito prefisso della citt\u00e0 senza zero e seguito numero desiderato.<\/span><\/p>\n<p style=\"text-align: justify;\"><span style=\"color: #000000;\">l&#8217;Iran \u00e8 collegato al sistema GSM dei telefoni cellulari (roaming) con utenze italiane con contratto,ma se volete essere facile acquistare schede(sim card) di compagnie di mobile(Irancell)nelle principale citt\u00e0.<\/span><\/p>\n<p><span style=\"color: #000000;\"><strong>Voli<\/strong><\/span><\/p>\n<p style=\"text-align: justify;\"><span style=\"color: #000000;\">In base al programma acquistare i biglietti per i voli interni,Tutto cio\u2019 avviene con la vostra richiesta per organizzare il viaggio e dopo la conferma sul programma.Volo \u00e8 un ottimo modo per evitare alcuni azionamenti davvero lunghi.<\/span><\/p>\n<p><span style=\"color: #000000;\"><strong>Fisso Orario:<\/strong><\/span><\/p>\n<p><span style=\"color: #000000;\">Orario di Iran sono 2h 30\u2019 in pi\u00f9 rispetto all\u2019ora Italia.<\/span><\/p>\n<p><span style=\"color: #000000;\"><strong>Religione:<\/strong><\/span><\/p>\n<p style=\"text-align: justify;\"><span style=\"color: #000000;\">Iran \u00e8 una paese musulmano sciita(90%) , ed anche ci sono musulmani sunniti,cristiani e zoroastriani in questa paese. Gruppi etnici: Persiani 51%, Azeri 24%, Gilaki e Mazandarani 8%, Curdi 7%, Arabi 3%, Lur 2%, Baloch 2%, Turkmeni 2%, altro 1%.<\/span><\/p>\n<p><span style=\"color: #000000;\"><strong>Lingua:<\/strong><\/span><\/p>\n<p><span style=\"color: #000000;\">La\u00a0 lingua ufficiale \u00e8 il persiano(farsi).Le lingue usato sono Persiani e dialetti <strong>Persiani<\/strong> 58%, Turco e dialetti turchi 26%, Curdo 9%, Lori 2%, Balochi 1%, Arabo 1%, Turkish 1%, altri 2%.<\/span>[\/vc_column_text][\/vc_column][\/vc_row][vc_row][vc_column width=&#8221;2\/6&#8243;][vc_empty_space height=&#8221;25px&#8221;][vc_single_image image=&#8221;24351&#8243;][\/vc_column][vc_column width=&#8221;4\/6&#8243;][vc_empty_space height=&#8221;100px&#8221;][vc_column_text]<span style=\"color: #000000;\"><strong>Vaccinazioni<\/strong><\/span><\/p>\n<p><span style=\"color: #000000;\">Nessuna vaccinazione \u00e8 obbligatoria.<\/span><\/p>\n<p><span style=\"color: #000000;\"><strong>MANCE<\/strong><\/span><\/p>\n<p><span style=\"color: #000000;\">Alla fine del viaggio lasciare una mancia per l\u2019autista e\u00a0 guida e\u00a0 facchini negli hotel.Nei ristoranti la mancia che i camerieri si aspettano di ricevere \u00e8 di circa tra 10% e il 15% del conto.<\/span>[\/vc_column_text]<\/p>\n<p><span style=\"color: #000000;\"><strong>Numeri importanti<\/strong><\/span><\/p>\n<p><span style=\"color: #000000;\">Polizia: 110<\/span><\/p>\n<p><span style=\"color: #000000;\">Emergenza: 115<\/span><\/p>\n<p><span style=\"color: #000000;\">Prefisso telefonico Iran:+98<\/span>[\/vc_column_text][\/vc_column][\/vc_row][vc_row][vc_column width=&#8221;2\/6&#8243;]<\/p>\n<p><span style=\"color: #000000;\"><strong>Hotel e case tradizionali<\/strong><\/span><\/p>\n<p style=\"text-align: justify;\"><span style=\"color: #000000;\">Noi possiamo offrire nei vari <strong>alberghi<\/strong> per vari gusti in tutte le citt\u00e0 del paese.Ti aiutermo nella scelta,il Hotel che \u00e8\u00a0 adatto per il tuo budget e per le tue esigenze.Ci sono le case tradizionali,\u00a0 rinnovano hanno cambiato\u00a0 ad albergo, generalmente con poche camere con piccolo cortile\u00a0 e la colazione \u00e8 quella tipica iraniana ed \u00e8 sempre inclusa nella tariffa della camera. Il rapporto qualit\u00e0 prezzo \u00e8 ottimo e l\u2019atmosfera \u00e8 decisamente unica. Se viaggi con un <strong>piccolo gruppo<\/strong> possiamo selezionare deliziosi tradizionale Alberghi.<\/span><\/p>\n<p>\u00a0<\/p>\n<p><span style=\"color: #000000;\"><strong>I musei<\/strong><\/span><\/p>\n<ol>\n<li><span style=\"color: #000000;\"><strong>Museo Nazionale dei Gioielli<\/strong>: aperto da sabato a martedi dalle 14.00 alle 16.30<\/span><\/li>\n<li><span style=\"color: #000000;\"><strong>Museo Nazionale di Tehran<\/strong>:aperto tutte le settimane dalle 9:00 alle 18:00<\/span><\/li>\n<li><span style=\"color: #000000;\"><strong>Musei di Golestan Palazzo<\/strong>:aperto tutte le settimane dalle 9:00 alle 17:00<\/span><\/li>\n<li><span style=\"color: #000000;\"><strong>Museo di Abgineh<\/strong>:Aperto tutto il giorno dalle 9 alle 17,tranne il luned\u00ec<\/span><\/li>\n<li><span style=\"color: #000000;\"><strong>Museo i tappeti<\/strong>: Aperto tutto il giorno dalle 9 alle 17,tranne il luned\u00ec<\/span><\/li>\n<li><span style=\"color: #000000;\"><strong>Museo di Musica<\/strong>(Isfahan):aperto tutto il giorno dalle 9:00 alle 21:00<\/span><\/li>\n<\/ol>\n<p><span style=\"color: #000000;\"><strong>L&#8217;elettricit\u00e0<\/strong><\/span><\/p>\n<p><span style=\"color: #000000;\">Tensione a 220Volt. Normalmente le prese sono di tipo europeo a 2 poli.<\/span><\/p>\n<p><span style=\"color: #000000;\"><strong>Utili Siti e libri<\/strong><\/span><\/p>\n<p><span style=\"color: #000000;\">Ci sono siti e i libri che potete leggere prima di partire<\/span><\/p>\n<p><span style=\"color: #000000;\"><strong>Iran in Lonely Planet<\/strong><\/span><\/p>\n<p><span style=\"color: #000000;\"><a style=\"color: #000000;\" href=\"http:\/\/www.lonelyplanetitalia.it\/iran\">http:\/\/www.lonelyplanetitalia.it\/iran<\/a>\u00a0\u00a0 destinazioni,prenota hotel, Forum dei viaggiatori e ecc.<\/span><\/p>\n<p><span style=\"color: #000000;\"><strong>Iran in Wiki travel<\/strong><\/span><\/p>\n<p><span style=\"color: #000000;\"><a style=\"color: #000000;\" href=\"http:\/\/wikitravel.org\/it\/Iran\">http:\/\/wikitravel.org\/it\/Iran<\/a><\/span><\/p>\n<p><span style=\"color: #000000;\"><strong>I<\/strong><strong>ran della Bradt<\/strong><\/span><\/p>\n<p><span style=\"color: #000000;\"><strong>Iran di Meridiani<\/strong><\/span><\/p>\n<p><span style=\"color: #000000;\"><strong>Oltre il velo dell\u2019Iran<\/strong> di Marco Crisafulli, edizioni goWare<\/span><\/p>\n<p><span style=\"color: #000000;\"><strong>L\u2019Iran oltre l\u2019Iran<\/strong> di Alberto Zanconato, edito da Castelvecchi<\/span><\/p>\n<p><span style=\"color: #000000;\"><strong>Il Grande Iran<\/strong> di Giuseppe Acconcia, edito da Exorma<\/span><strong>\\<\/strong><\/p>\n<p><span style=\"color: #000000;\"><strong>Lo Shopping<\/strong><\/span><\/p>\n<p style=\"text-align: justify;\"><span style=\"color: #000000;\">I posti migliori per gli acquisti sono i bazar di Tehran,Shiraz e Isfahan,ci sono molti gli articoli interessanti per comprare: tappeti persiani, oggetti in argento, oggetti in ceramica o in vetro soffiato, oggetti smaltati o in legno intarsiato e miniature.<\/span><\/p>\n<p>\u00a0<\/p>\n\n\n<p><\/p>\n","protected":false},"excerpt":{"rendered":"<p>\u00a0 per le donne Le femmine che programmano un viaggio in Iran dovrebbero avere il Hijab,significa che\u00a0 tutte le donne sono obbligate ad avere il capo e le spalle coperte da un foulard in tutti i luoghi che sono publici e per la strada(piazza,mercati,locali,..)ed anche deve vestire abiti larghi e lunghi come Camice o tuniche [&hellip;]<\/p>\n","protected":false},"author":369,"featured_media":24720,"parent":0,"menu_order":0,"comment_status":"open","ping_status":"closed","template":"template-home-modern.php","meta":{"_acf_changed":false,"footnotes":""},"class_list":["post-10639","page","type-page","status-publish","has-post-thumbnail","hentry"],"acf":[],"_links":{"self":[{"href":"https:\/\/friendlyiran.com\/it\/wp-json\/wp\/v2\/pages\/10639","targetHints":{"allow":["GET"]}}],"collection":[{"href":"https:\/\/friendlyiran.com\/it\/wp-json\/wp\/v2\/pages"}],"about":[{"href":"https:\/\/friendlyiran.com\/it\/wp-json\/wp\/v2\/types\/page"}],"author":[{"embeddable":true,"href":"https:\/\/friendlyiran.com\/it\/wp-json\/wp\/v2\/users\/369"}],"replies":[{"embeddable":true,"href":"https:\/\/friendlyiran.com\/it\/wp-json\/wp\/v2\/comments?post=10639"}],"version-history":[{"count":0,"href":"https:\/\/friendlyiran.com\/it\/wp-json\/wp\/v2\/pages\/10639\/revisions"}],"wp:featuredmedia":[{"embeddable":true,"href":"https:\/\/friendlyiran.com\/it\/wp-json\/wp\/v2\/media\/24720"}],"wp:attachment":[{"href":"https:\/\/friendlyiran.com\/it\/wp-json\/wp\/v2\/media?parent=10639"}],"curies":[{"name":"wp","href":"https:\/\/api.w.org\/{rel}","templated":true}]}}