{"id":12833,"date":"2018-01-02T08:58:36","date_gmt":"2018-01-02T08:58:36","guid":{"rendered":"http:\/\/friendlyiran.com\/?page_id=12833"},"modified":"2022-02-28T00:30:40","modified_gmt":"2022-02-27T21:00:40","slug":"isola-di-qeshm","status":"publish","type":"page","link":"https:\/\/friendlyiran.com\/it\/isola-di-qeshm\/","title":{"rendered":"Isola di Qeshm"},"content":{"rendered":"\t\t<div data-elementor-type=\"wp-page\" data-elementor-id=\"12833\" class=\"elementor elementor-12833\" data-elementor-post-type=\"page\">\n\t\t\t\t\t\t<section class=\"elementor-section elementor-top-section elementor-element elementor-element-530122e0 elementor-section-boxed elementor-section-height-default elementor-section-height-default\" data-id=\"530122e0\" data-element_type=\"section\" data-e-type=\"section\">\n\t\t\t\t\t\t<div class=\"elementor-container elementor-column-gap-default\">\n\t\t\t\t\t<div class=\"elementor-column elementor-col-100 elementor-top-column elementor-element elementor-element-7d552a64\" data-id=\"7d552a64\" data-element_type=\"column\" data-e-type=\"column\">\n\t\t\t<div class=\"elementor-widget-wrap elementor-element-populated\">\n\t\t\t\t\t\t<div class=\"elementor-element elementor-element-331885a4 elementor-widget elementor-widget-text-editor\" data-id=\"331885a4\" data-element_type=\"widget\" data-e-type=\"widget\" data-widget_type=\"text-editor.default\">\n\t\t\t\t\t\t\t\t\t<h4><\/h4>\n<img fetchpriority=\"high\" decoding=\"async\" class=\"aligncenter wp-image-12847 size-full\" src=\"http:\/\/friendlyiran.com\/wp-content\/uploads\/2018\/01\/qeshm-1.jpg\" alt=\"\" width=\"1798\" height=\"865\" srcset=\"https:\/\/friendlyiran.com\/wp-content\/uploads\/2018\/01\/qeshm-1.jpg 1798w, https:\/\/friendlyiran.com\/wp-content\/uploads\/2018\/01\/qeshm-1-600x288.jpg 600w\" sizes=\"(max-width: 1798px) 100vw, 1798px\" \/>\n<p style=\"text-align: justify;\"><span style=\"color: #000000;\">Qeshm \u00e8 una citt\u00e0 come un paradiso dove natura e antiche tradizioni popolari convivono. Pochi chilometri lontano da mare tra le rocce rosse, ricoperte da quella che potrebbe sembrare neve ch\u00e8 <strong>un grotta di sale<\/strong> lunga pi\u00f9 di un chilometro.<\/span><\/p>\n<img decoding=\"async\" class=\"wp-image-12841 size-full\" src=\"http:\/\/friendlyiran.com\/wp-content\/uploads\/2018\/01\/Foresta-Mangrovie-1-1.jpg\" alt=\"\" width=\"1305\" height=\"533\" srcset=\"https:\/\/friendlyiran.com\/wp-content\/uploads\/2018\/01\/Foresta-Mangrovie-1-1.jpg 1305w, https:\/\/friendlyiran.com\/wp-content\/uploads\/2018\/01\/Foresta-Mangrovie-1-1-600x245.jpg 600w\" sizes=\"(max-width: 1305px) 100vw, 1305px\" \/>\n<p style=\"text-align: justify;\"><span style=\"color: #000000;\">Sembra di entrare in un ghiacciaio, ma fuori ci sono pi\u00f9 di trenta gradi. Nell\u2019 Spiagge dell\u2019<strong>Isola di Naaz<\/strong>, si possono vedere anche delfini, del parco degli coccodrilli e del Hara Marino Foresta( la foresta di mangrovie).Ci sono Valli della Isola caratterizzate da pareti di arenaria scolpite dall\u2019acqua e dal vento come la valle Chahkouh, valle Namaki, valle Setareha.<\/span><\/p>\n<img decoding=\"async\" class=\"aligncenter wp-image-12853\" src=\"http:\/\/friendlyiran.com\/wp-content\/uploads\/2018\/01\/Isola-Qeshm-2.jpg\" alt=\"\" width=\"1015\" height=\"678\" srcset=\"https:\/\/friendlyiran.com\/wp-content\/uploads\/2018\/01\/Isola-Qeshm-2.jpg 1077w, https:\/\/friendlyiran.com\/wp-content\/uploads\/2018\/01\/Isola-Qeshm-2-600x400.jpg 600w\" sizes=\"(max-width: 1015px) 100vw, 1015px\" \/>\n\n<span style=\"color: #000000;\">Cosa si pu\u00f2 trovare a Qeshm:<\/span>\n<span style=\"color: #000000;\"> Zona protetta e Geo parco (pi\u00f9 di 1\/3 del isola) Spiagge protette per la riproduzione delle tartarughe e del Flamenco (fenicotteri);<\/span>\n<span style=\"color: #000000;\"> Grotta del sale;<\/span>\n<span style=\"color: #000000;\"> Foresta Mangrovie (Hara) una meraviglia della natura;<\/span>\n<span style=\"color: #000000;\"> Bad Ghir (tipico villaggio desertico con la torre del vento);<\/span>\n<span style=\"color: #000000;\"> Qanat (antica canalizzazione sotterranea);<\/span>\n<span style=\"color: #000000;\"> Castello Portoghese;<\/span>\n<span style=\"color: #000000;\"> Valle Setareha.<\/span>\n\n<img loading=\"lazy\" decoding=\"async\" class=\"aligncenter wp-image-12854 size-full\" src=\"http:\/\/friendlyiran.com\/wp-content\/uploads\/2018\/01\/Qeshm-1.jpeg\" alt=\"\" width=\"1275\" height=\"649\" srcset=\"https:\/\/friendlyiran.com\/wp-content\/uploads\/2018\/01\/Qeshm-1.jpeg 1275w, https:\/\/friendlyiran.com\/wp-content\/uploads\/2018\/01\/Qeshm-1-600x305.jpeg 600w\" sizes=\"(max-width: 1275px) 100vw, 1275px\" \/>\n\n<div id='gallery-1' class='gallery galleryid-12833 gallery-columns-1 gallery-size-large'><figure class='gallery-item'>\n\t\t\t<div class='gallery-icon landscape'>\n\t\t\t\t<a href='https:\/\/friendlyiran.com\/it\/isola-di-qeshm\/village-qeshm\/'><img loading=\"lazy\" decoding=\"async\" width=\"640\" height=\"640\" src=\"https:\/\/friendlyiran.com\/wp-content\/uploads\/2018\/01\/village-qeshm-1024x1024.jpg\" class=\"attachment-large size-large\" alt=\"\" srcset=\"https:\/\/friendlyiran.com\/wp-content\/uploads\/2018\/01\/village-qeshm-1024x1024.jpg 1024w, https:\/\/friendlyiran.com\/wp-content\/uploads\/2018\/01\/village-qeshm-300x300.jpg 300w, https:\/\/friendlyiran.com\/wp-content\/uploads\/2018\/01\/village-qeshm-100x100.jpg 100w, https:\/\/friendlyiran.com\/wp-content\/uploads\/2018\/01\/village-qeshm-600x600.jpg 600w, https:\/\/friendlyiran.com\/wp-content\/uploads\/2018\/01\/village-qeshm.jpg 1000w\" sizes=\"(max-width: 640px) 100vw, 640px\" \/><\/a>\n\t\t\t<\/div><\/figure>\n\t\t<\/div>\n\n\n<img loading=\"lazy\" decoding=\"async\" class=\"aligncenter wp-image-12860 size-full\" src=\"http:\/\/friendlyiran.com\/wp-content\/uploads\/2018\/01\/qeshm1.jpg\" alt=\"\" width=\"1438\" height=\"870\" srcset=\"https:\/\/friendlyiran.com\/wp-content\/uploads\/2018\/01\/qeshm1.jpg 1438w, https:\/\/friendlyiran.com\/wp-content\/uploads\/2018\/01\/qeshm1-600x363.jpg 600w\" sizes=\"(max-width: 1438px) 100vw, 1438px\" \/>\t\t\t\t\t\t\t\t<\/div>\n\t\t\t\t\t<\/div>\n\t\t<\/div>\n\t\t\t\t\t<\/div>\n\t\t<\/section>\n\t\t\t\t<\/div>\n\t\t","protected":false},"excerpt":{"rendered":"<p>Qeshm \u00e8 una citt\u00e0 come un paradiso dove natura e antiche tradizioni popolari convivono. Pochi chilometri lontano da mare tra le rocce rosse, ricoperte da quella che potrebbe sembrare neve ch\u00e8 un grotta di sale lunga pi\u00f9 di un chilometro. Sembra di entrare in un ghiacciaio, ma fuori ci sono pi\u00f9 di trenta gradi. Nell\u2019 [&hellip;]<\/p>\n","protected":false},"author":369,"featured_media":0,"parent":0,"menu_order":0,"comment_status":"open","ping_status":"closed","template":"","meta":{"_acf_changed":false,"footnotes":""},"class_list":["post-12833","page","type-page","status-publish","hentry"],"acf":[],"_links":{"self":[{"href":"https:\/\/friendlyiran.com\/it\/wp-json\/wp\/v2\/pages\/12833","targetHints":{"allow":["GET"]}}],"collection":[{"href":"https:\/\/friendlyiran.com\/it\/wp-json\/wp\/v2\/pages"}],"about":[{"href":"https:\/\/friendlyiran.com\/it\/wp-json\/wp\/v2\/types\/page"}],"author":[{"embeddable":true,"href":"https:\/\/friendlyiran.com\/it\/wp-json\/wp\/v2\/users\/369"}],"replies":[{"embeddable":true,"href":"https:\/\/friendlyiran.com\/it\/wp-json\/wp\/v2\/comments?post=12833"}],"version-history":[{"count":0,"href":"https:\/\/friendlyiran.com\/it\/wp-json\/wp\/v2\/pages\/12833\/revisions"}],"wp:attachment":[{"href":"https:\/\/friendlyiran.com\/it\/wp-json\/wp\/v2\/media?parent=12833"}],"curies":[{"name":"wp","href":"https:\/\/api.w.org\/{rel}","templated":true}]}}