{"id":13175,"date":"2018-01-08T09:40:20","date_gmt":"2018-01-08T09:40:20","guid":{"rendered":"http:\/\/friendlyiran.com\/?page_id=13175"},"modified":"2021-06-22T10:32:57","modified_gmt":"2021-06-22T07:02:57","slug":"4-buoni-tradizionali-alberghi-in-iran","status":"publish","type":"page","link":"https:\/\/friendlyiran.com\/it\/4-buoni-tradizionali-alberghi-in-iran\/","title":{"rendered":"4 buoni tradizionali alberghi in iran"},"content":{"rendered":"<h4><\/h4>\n<p style=\"text-align: justify;\"><span style=\"color: #000000;\">Trip advisor, la famosa rivista turistica ha annunciato 4 case tradizionali a Kashan, nei migliori 25 B &amp; B e Inns del Medio Oriente in 2017.<\/span><\/p>\n<h4><span style=\"color: #33cccc;\">1. Casa iraniana:<\/span><\/h4>\n<p style=\"text-align: justify;\"><span style=\"color: #000000;\">3 stelle Boutique hotel, con \u00a0posizione 5, ottenendo 156 recensioni eccellenti&#8230;<\/span><\/p>\n<p>&nbsp;<\/p>\n<p><img fetchpriority=\"high\" decoding=\"async\" class=\"size-thumbnail wp-image-13178 aligncenter\" src=\"http:\/\/friendlyiran.com\/wp-content\/uploads\/2018\/01\/casa-iraniana-kashan-500x400.jpg\" alt=\"\" width=\"500\" height=\"400\" \/><\/p>\n<p><img decoding=\"async\" class=\"size-thumbnail wp-image-13179 aligncenter\" src=\"http:\/\/friendlyiran.com\/wp-content\/uploads\/2018\/01\/Khaneh-irani-500x400.jpg\" alt=\"\" width=\"500\" height=\"400\" \/><\/p>\n<p>&nbsp;<\/p>\n<p><span style=\"color: #33cccc;\">TripAdvisor:<\/span><\/p>\n<p style=\"text-align: left;\"><span style=\"color: #000000;\">&#8220;Posto fantastico nella parte pi\u00f9 bella della citt\u00e0. Manager straordinario &#8220;<\/span><\/p>\n<p style=\"text-align: justify;\"><span style=\"color: #000000;\">Alcune recensioni:<\/span><\/p>\n<ul>\n<li style=\"text-align: justify;\"><span style=\"color: #000000;\">Uno dei posti migliori in cui ho soggiornato in Iran. Splendido hotel, personale attento e cordiale, ottimo rapporto qualit\u00e0 \/ prezzo. L&#8217;unica cosa che pu\u00f2 essere migliorata \u00e8 la colazione. La scelta \u00e8 molto limitata &#8230; .solo un uovo solo una frutta fresca<\/span><\/li>\n<li style=\"text-align: justify;\"><span style=\"color: #000000;\">Le camere immacolate sono arredate con gusto con tappeti e oggetti antichi. Il servizio \u00e8 eccellente, cos\u00ec come la colazione. Fortemente raccomandato!<\/span><\/li>\n<\/ul>\n<h4><span style=\"color: #33cccc;\">2. Saraye Ameriha:<\/span><\/h4>\n<p><span style=\"color: #000000;\">5 stelle boutique hotel , con il punteggo di 6, ottenendo 210 recensioni eccellenti&#8230;<\/span><\/p>\n<p>&nbsp;<\/p>\n<p><img decoding=\"async\" class=\"alignnone size-thumbnail wp-image-13180 aligncenter\" src=\"http:\/\/friendlyiran.com\/wp-content\/uploads\/2018\/01\/sarayeameriha-500x400.jpg\" alt=\"\" width=\"500\" height=\"400\" \/><\/p>\n<p><img loading=\"lazy\" decoding=\"async\" class=\"alignnone size-thumbnail wp-image-13181 aligncenter\" src=\"http:\/\/friendlyiran.com\/wp-content\/uploads\/2018\/01\/icannotknow_8_1_2018_12_46_48_936-500x400.jpg\" alt=\"\" width=\"500\" height=\"400\" \/><\/p>\n<p>&nbsp;<\/p>\n<p><span style=\"color: #33cccc;\">Trip Advisor:<\/span><\/p>\n<p><span style=\"color: #000000;\">&#8220;Luogo autentico per sperimentare l&#8217;architettura tradizionale con un&#8217;ospitalit\u00e0 fantastica! &#8220;<\/span><\/p>\n<p><span style=\"color: #000000;\">&#8220;Magnifico hotel&#8221;<\/span><\/p>\n<p><span style=\"color: #000000;\">Alcune recensioni:<\/span><\/p>\n<ul>\n<li style=\"text-align: justify;\"><span style=\"color: #000000;\">Abbiamo davvero apprezzato il nostro soggiorno. L&#8217;hotel in s\u00e9 \u00e8 cos\u00ec bello, ricco di storia e architettura tradizionale. Per quanto riguarda la posizione, \u00e8 proprio dall&#8217;altra parte della strada per le principali attrazioni di Kashan, quindi non c&#8217;\u00e8 bisogno di preoccuparsi per il taxi. Se avete intenzione di visitare Kashan e trascorrere una notte, consiglierei questo hotel.<\/span><\/li>\n<li style=\"text-align: justify;\"><span style=\"color: #000000;\">Questo posto \u00e8 incredibile!<\/span><span style=\"color: #000000;\">Splendidi giardini, personale gentile e disponibile, camere confortevoli (avevamo una suite al piano superiore) e molto ben situato a Kashan per vedere le case storiche.<\/span><span style=\"color: #000000;\">Il ristorante \u00e8 decente e una sosta al bar dopo cena \u00e8 consigliato.<\/span><\/li>\n<\/ul>\n<h4><span style=\"color: #33cccc;\">3. Casa Manouchehri:<\/span><\/h4>\n<p><span style=\"color: #000000;\">5 stelle boutique Hotel, con il punteggio di 14, ottenendo 132 recensioni eccellenti&#8230;<\/span><\/p>\n<p>&nbsp;<\/p>\n<p style=\"text-align: center;\"><img loading=\"lazy\" decoding=\"async\" class=\"alignnone size-thumbnail wp-image-13183\" src=\"http:\/\/friendlyiran.com\/wp-content\/uploads\/2018\/01\/manouchehri-casa-500x400.jpg\" alt=\"\" width=\"500\" height=\"400\" \/><img loading=\"lazy\" decoding=\"async\" class=\"alignnone size-thumbnail wp-image-13184\" src=\"http:\/\/friendlyiran.com\/wp-content\/uploads\/2018\/01\/manouchehri-casa1-500x400.jpg\" alt=\"\" width=\"500\" height=\"400\" \/><\/p>\n<p>&nbsp;<\/p>\n<p><span style=\"color: #33cccc;\">TripAdvisor:<\/span><\/p>\n<p><span style=\"color: #000000;\">&#8220;Degno di visitare&#8221;<\/span><\/p>\n<p><span style=\"color: #000000;\">&#8220;Bel posto&#8221;<\/span><\/p>\n<p><span style=\"color: #000000;\">Alcune recensioni:<\/span><\/p>\n<ul>\n<li><span style=\"color: #000000;\">Grande architettura, bella piscina nel cortile, personale eccellente. C&#8217;\u00e8 un bel negozio di souvenir in questo posto e puoi andare al loro caff\u00e8 e bere una tazza di caff\u00e8 e rilassarti. Va tutto bene.<\/span><\/li>\n<li><span style=\"color: #000000;\">Belle camere, cibo e caff\u00e8 super delizioso. L&#8217;ambiente generale, la decorazione, la gestione dell&#8217;hotel erano impeccabili. Puoi stare in albergo tutto il giorno e non annoiarti. L&#8217;attenzione al dettaglio dei servizi di decorazione delle decorazioni era ottima, ma i telefoni cellulari potrebbero non funzionare in alcune camere. Anche la posizione \u00e8 buona.<\/span><\/li>\n<\/ul>\n<h4><span style=\"color: #33cccc;\">4. Ehsan casa tradizionale<\/span><\/h4>\n<p><span style=\"color: #000000;\">4 stelle boutique hotel , con il punteggio di 24, ottenendo 84 recensioni eccellenti..<\/span><\/p>\n<p>&nbsp;<\/p>\n<p><img loading=\"lazy\" decoding=\"async\" class=\"size-thumbnail wp-image-13185 aligncenter\" src=\"http:\/\/friendlyiran.com\/wp-content\/uploads\/2018\/01\/ehsan_hotel-500x400.jpg\" alt=\"\" width=\"500\" height=\"400\" \/><\/p>\n<p><img loading=\"lazy\" decoding=\"async\" class=\"size-thumbnail wp-image-13186 aligncenter\" src=\"http:\/\/friendlyiran.com\/wp-content\/uploads\/2018\/01\/ehsan-hotel-500x400.jpg\" alt=\"\" width=\"500\" height=\"400\" \/><\/p>\n<p>&nbsp;<\/p>\n<p><span style=\"color: #33cccc;\">TripAdvisor:<\/span><\/p>\n<p><span style=\"color: #000000;\">&#8220;Posto bellissimo e conveniente in cui soggiornare&#8221;<\/span><\/p>\n<p><span style=\"color: #000000;\">&#8220;Scelta migliore in Kashan&#8221;<\/span><\/p>\n<p style=\"text-align: justify;\"><span style=\"color: #000000;\">Alcune recensioni:<\/span><\/p>\n<p style=\"text-align: justify;\"><span style=\"color: #000000;\">\u00c8 stata un&#8217;esperienza davvero incredibile, in una casa storica e affascinante vicino al bazar.<\/span><\/p>\n<p style=\"text-align: justify;\"><span style=\"color: #000000;\">La stanza era molto confortevole, pulita e spaziosa.<\/span><\/p>\n<p style=\"text-align: justify;\"><span style=\"color: #000000;\">La splendida vista sul cortile aperto \u00e8 deliziata dal piccolo giardino e dal suono dell&#8217;acqua della piscina.<\/span><\/p>\n<p style=\"text-align: justify;\"><span style=\"color: #000000;\">Tutto il personale \u00e8 fantastico! Davvero piacevole e molto professionale.<\/span><\/p>\n<p style=\"text-align: justify;\"><span style=\"color: #000000;\">Probabilmente il posto pi\u00f9 carino in cui sono stato in Iran. Il giardino \u00e8 bellissimo, con alberi di melograno che circondano una fontana centrale. Il dormitorio era arredato con gusto e un ottimo rapporto qualit\u00e0-prezzo. Non potrei raccomandarlo di pi\u00f9.<\/span><\/p>\n<p>&nbsp;<\/p>\n","protected":false},"excerpt":{"rendered":"<p>Trip advisor, la famosa rivista turistica ha annunciato 4 case tradizionali a Kashan, nei migliori 25 B &amp; B e Inns del Medio Oriente in 2017. 1. Casa iraniana: 3 stelle Boutique hotel, con \u00a0posizione 5, ottenendo 156 recensioni eccellenti&#8230; &nbsp; &nbsp; TripAdvisor: &#8220;Posto fantastico nella parte pi\u00f9 bella della citt\u00e0. Manager straordinario &#8220; Alcune [&hellip;]<\/p>\n","protected":false},"author":369,"featured_media":0,"parent":0,"menu_order":0,"comment_status":"open","ping_status":"closed","template":"","meta":{"_acf_changed":false,"footnotes":""},"class_list":["post-13175","page","type-page","status-publish","hentry"],"acf":[],"_links":{"self":[{"href":"https:\/\/friendlyiran.com\/it\/wp-json\/wp\/v2\/pages\/13175","targetHints":{"allow":["GET"]}}],"collection":[{"href":"https:\/\/friendlyiran.com\/it\/wp-json\/wp\/v2\/pages"}],"about":[{"href":"https:\/\/friendlyiran.com\/it\/wp-json\/wp\/v2\/types\/page"}],"author":[{"embeddable":true,"href":"https:\/\/friendlyiran.com\/it\/wp-json\/wp\/v2\/users\/369"}],"replies":[{"embeddable":true,"href":"https:\/\/friendlyiran.com\/it\/wp-json\/wp\/v2\/comments?post=13175"}],"version-history":[{"count":0,"href":"https:\/\/friendlyiran.com\/it\/wp-json\/wp\/v2\/pages\/13175\/revisions"}],"wp:attachment":[{"href":"https:\/\/friendlyiran.com\/it\/wp-json\/wp\/v2\/media?parent=13175"}],"curies":[{"name":"wp","href":"https:\/\/api.w.org\/{rel}","templated":true}]}}