{"id":13475,"date":"2018-01-25T08:44:59","date_gmt":"2018-01-25T08:44:59","guid":{"rendered":"http:\/\/friendlyiran.com\/?page_id=13475"},"modified":"2023-12-25T21:42:14","modified_gmt":"2023-12-25T18:12:14","slug":"isola-di-kish","status":"publish","type":"page","link":"https:\/\/friendlyiran.com\/it\/isola-di-kish\/","title":{"rendered":"Isola di Kish"},"content":{"rendered":"\t\t<div data-elementor-type=\"wp-page\" data-elementor-id=\"13475\" class=\"elementor elementor-13475\" data-elementor-post-type=\"page\">\n\t\t\t\t\t\t<section class=\"elementor-section elementor-top-section elementor-element elementor-element-45d30170 elementor-section-boxed elementor-section-height-default elementor-section-height-default\" data-id=\"45d30170\" data-element_type=\"section\" data-e-type=\"section\">\n\t\t\t\t\t\t<div class=\"elementor-container elementor-column-gap-default\">\n\t\t\t\t\t<div class=\"elementor-column elementor-col-100 elementor-top-column elementor-element elementor-element-2680d1d5\" data-id=\"2680d1d5\" data-element_type=\"column\" data-e-type=\"column\">\n\t\t\t<div class=\"elementor-widget-wrap elementor-element-populated\">\n\t\t\t\t\t\t<div class=\"elementor-element elementor-element-2969cb36 elementor-widget elementor-widget-text-editor\" data-id=\"2969cb36\" data-element_type=\"widget\" data-e-type=\"widget\" data-widget_type=\"text-editor.default\">\n\t\t\t\t\t\t\t\t\t<h4>\u00a0<\/h4><p><img fetchpriority=\"high\" decoding=\"async\" class=\"aligncenter wp-image-13477 size-full\" src=\"http:\/\/friendlyiran.com\/wp-content\/uploads\/2018\/01\/kish.jpg\" alt=\"\" width=\"1024\" height=\"681\" srcset=\"https:\/\/friendlyiran.com\/wp-content\/uploads\/2018\/01\/kish.jpg 1024w, https:\/\/friendlyiran.com\/wp-content\/uploads\/2018\/01\/kish-600x399.jpg 600w\" sizes=\"(max-width: 1024px) 100vw, 1024px\" \/><\/p><p>\u00a0<\/p><p style=\"text-align: justify;\"><span style=\"color: #000000;\">L\u2019isola di <strong>Kish<\/strong> \u00e8 un\u2019isola situata al largo delle coste dell\u2019Iran che ha delle spiagge bellissime, con sabbia bianca, \u00e8 uno dei centri turistici pi\u00f9 attraenti, con magnifiche strutture alberghiere dove potersi rilassare. Nelle acque cristalline \u00e8 possibile praticare diversi sport con l\u2019aiuto di centri specializzati. \u00a0<\/span><\/p><p>\u00a0<\/p><p><img decoding=\"async\" class=\"aligncenter wp-image-13478 size-full\" src=\"http:\/\/friendlyiran.com\/wp-content\/uploads\/2018\/01\/kish-1.jpg\" alt=\"\" width=\"1997\" height=\"1269\" srcset=\"https:\/\/friendlyiran.com\/wp-content\/uploads\/2018\/01\/kish-1.jpg 1997w, https:\/\/friendlyiran.com\/wp-content\/uploads\/2018\/01\/kish-1-600x381.jpg 600w\" sizes=\"(max-width: 1997px) 100vw, 1997px\" \/><\/p><p>\u00a0<\/p><p><span style=\"color: #000000;\"><strong>Una delle pi\u00f9 belle caratteristiche di questa isola \u00e8 la sua grande citt\u00e0 sotterranea<\/strong> che \u00e8 un luogo affascinante e pieno di mistero, costruita con il suo antico acquedotto sotterraneo (<strong>Kariz<\/strong>),abitanti della citt\u00e0 di Harireh; la struttura \u00e8 stata realizzata per raccogliere, purificare e immagazzinare l\u2019acqua per gli abitanti dell\u2019isola,dopo \u00a0Si potr\u00e0 poi vedere la <strong>Nave Greca<\/strong>.<\/span><\/p><p>\u00a0<\/p><p>\u00a0<\/p><p><img decoding=\"async\" class=\"aligncenter wp-image-13479 size-full\" src=\"http:\/\/friendlyiran.com\/wp-content\/uploads\/2018\/01\/isola-di-kish-1.jpg\" alt=\"\" width=\"1000\" height=\"664\" srcset=\"https:\/\/friendlyiran.com\/wp-content\/uploads\/2018\/01\/isola-di-kish-1.jpg 1000w, https:\/\/friendlyiran.com\/wp-content\/uploads\/2018\/01\/isola-di-kish-1-600x398.jpg 600w\" sizes=\"(max-width: 1000px) 100vw, 1000px\" \/><\/p><p>\u00a0<\/p><p><span style=\"color: #000000;\">Kish \u00e8 <strong>il quarto luogo pi\u00f9 visitato<\/strong> nel Medio Oriente, dopo Dubai, Abu Dhabi e Sham el-Sheik. L&#8217;accesso pu\u00f2 essere effettuato via aerea dagli Emirati Arabi,e anche via Tehran. All&#8217;entrata si ottiene un permesso di ingresso <strong>senza visto<\/strong> per soggiorni massimi di 14 giorni.L&#8217;isola nel 2010 \u00e8 stata votata <strong>tra le 10<\/strong> <strong>pi\u00f9 belle del mondo<\/strong> dal <strong>New York Times<\/strong>.<\/span><\/p><p><img loading=\"lazy\" decoding=\"async\" class=\"aligncenter wp-image-13480 size-full\" src=\"http:\/\/friendlyiran.com\/wp-content\/uploads\/2018\/01\/kish-isola.jpg\" alt=\"\" width=\"1024\" height=\"768\" srcset=\"https:\/\/friendlyiran.com\/wp-content\/uploads\/2018\/01\/kish-isola.jpg 1024w, https:\/\/friendlyiran.com\/wp-content\/uploads\/2018\/01\/kish-isola-600x450.jpg 600w\" sizes=\"(max-width: 1024px) 100vw, 1024px\" \/><\/p><p>\u00a0<\/p><p><img loading=\"lazy\" decoding=\"async\" class=\"aligncenter wp-image-13481 size-full\" src=\"http:\/\/friendlyiran.com\/wp-content\/uploads\/2018\/01\/kish-Iran.jpg\" alt=\"\" width=\"1019\" height=\"663\" srcset=\"https:\/\/friendlyiran.com\/wp-content\/uploads\/2018\/01\/kish-Iran.jpg 1019w, https:\/\/friendlyiran.com\/wp-content\/uploads\/2018\/01\/kish-Iran-600x390.jpg 600w\" sizes=\"(max-width: 1019px) 100vw, 1019px\" \/><\/p><p><img loading=\"lazy\" decoding=\"async\" class=\"aligncenter wp-image-13482 \" src=\"http:\/\/friendlyiran.com\/wp-content\/uploads\/2018\/01\/kish-mare.jpg\" alt=\"\" width=\"1016\" height=\"572\" srcset=\"https:\/\/friendlyiran.com\/wp-content\/uploads\/2018\/01\/kish-mare.jpg 2048w, https:\/\/friendlyiran.com\/wp-content\/uploads\/2018\/01\/kish-mare-600x337.jpg 600w\" sizes=\"(max-width: 1016px) 100vw, 1016px\" \/><\/p>\t\t\t\t\t\t\t\t<\/div>\n\t\t\t\t\t<\/div>\n\t\t<\/div>\n\t\t\t\t\t<\/div>\n\t\t<\/section>\n\t\t\t\t<\/div>\n\t\t","protected":false},"excerpt":{"rendered":"<p>L\u2019isola di Kish \u00e8 un\u2019isola situata al largo delle coste dell\u2019Iran che ha delle spiagge bellissime, con sabbia bianca, \u00e8 uno dei centri turistici pi\u00f9 attraenti, con magnifiche strutture alberghiere dove potersi rilassare. Nelle acque cristalline \u00e8 possibile praticare diversi sport con l\u2019aiuto di centri specializzati. Una delle pi\u00f9 belle caratteristiche di questa isola \u00e8 [&hellip;]<\/p>\n","protected":false},"author":369,"featured_media":0,"parent":0,"menu_order":0,"comment_status":"open","ping_status":"closed","template":"","meta":{"_acf_changed":false,"footnotes":""},"class_list":["post-13475","page","type-page","status-publish","hentry"],"acf":[],"_links":{"self":[{"href":"https:\/\/friendlyiran.com\/it\/wp-json\/wp\/v2\/pages\/13475","targetHints":{"allow":["GET"]}}],"collection":[{"href":"https:\/\/friendlyiran.com\/it\/wp-json\/wp\/v2\/pages"}],"about":[{"href":"https:\/\/friendlyiran.com\/it\/wp-json\/wp\/v2\/types\/page"}],"author":[{"embeddable":true,"href":"https:\/\/friendlyiran.com\/it\/wp-json\/wp\/v2\/users\/369"}],"replies":[{"embeddable":true,"href":"https:\/\/friendlyiran.com\/it\/wp-json\/wp\/v2\/comments?post=13475"}],"version-history":[{"count":0,"href":"https:\/\/friendlyiran.com\/it\/wp-json\/wp\/v2\/pages\/13475\/revisions"}],"wp:attachment":[{"href":"https:\/\/friendlyiran.com\/it\/wp-json\/wp\/v2\/media?parent=13475"}],"curies":[{"name":"wp","href":"https:\/\/api.w.org\/{rel}","templated":true}]}}