{"id":22572,"date":"2015-10-12T09:53:21","date_gmt":"2015-10-12T09:53:21","guid":{"rendered":"https:\/\/friendlyiran.com\/?page_id=22572"},"modified":"2021-06-22T12:25:58","modified_gmt":"2021-06-22T08:55:58","slug":"sei-unagenzia-diventa-nostro-partner","status":"publish","type":"page","link":"https:\/\/friendlyiran.com\/it\/sei-unagenzia-diventa-nostro-partner\/","title":{"rendered":"Sei un\u2019agenzia? Diventa nostro partner!"},"content":{"rendered":"<p>[vc_row full_width=&#8221;stretch_row_content&#8221; row_fullwidth=&#8221;yes&#8221; enable_first_overlay=&#8221;true&#8221; first_overlay_opacity=&#8221;100&#8243; enable_second_overlay=&#8221;true&#8221; second_overlay_opacity=&#8221;25&#8243; second_background_type=&#8221;gradient&#8221; second_background_gradient=&#8221;rgba(131,186,227,0)||#0a0a0a||0;100||180||linear&#8221; enable_parallax=&#8221;true&#8221; enable_parallax_pattern=&#8221;true&#8221;][vc_column][vc_empty_space height=&#8221;45px&#8221;][vc_column_text]<\/p>\n<h1 style=\"text-align: center;\"><span style=\"color: #000000;\"><strong>Sei un\u2019agenzia? Diventa nostro partner!<\/strong><\/span><\/h1>\n<p>[\/vc_column_text][vc_empty_space height=&#8221;45px&#8221;][\/vc_column][\/vc_row][vc_row][vc_column width=&#8221;2\/3&#8243;][vc_empty_space height=&#8221;45px&#8221;][vc_column_text]<\/p>\n<p style=\"text-align: justify;\"><span style=\"color: #000000;\">Se sei interessante, siamo pronti a mettere una pagina separata nel nostro sito web nella tua lingua con un pacchetto specifico per l&#8217;Iran alla base all&#8217;interesse dei tuoi viaggiatori e presentare la tua agenzia di viaggi come nostro partner locale nel tuo paese.<\/span><\/p>\n<p>[\/vc_column_text][vc_column_text]<\/p>\n<h2 style=\"text-align: center;\"><strong><span style=\"color: #000000;\">Chi pu\u00f2 farlo?<\/span><\/strong><\/h2>\n<p>[\/vc_column_text][vc_empty_space height=&#8221;45px&#8221;][vc_column_text]<\/p>\n<p style=\"text-align: justify;\"><span style=\"color: #000000;\">Grazie per averci scelto come tuo compagno di viaggio applicando la richiesta si avvia il processo di business B2B e si possono ricevere pacchetti turistici e offerte di servizi di viaggio e tutto ci\u00f2 che serve sapere su commissione e relazione.<\/span><\/p>\n<p style=\"text-align: justify;\"><span style=\"color: #000000;\">In Friendly Iran, crediamo che tutte le persone provenienti da tutto il mondo siano membri di una grande famiglia indipendentemente dai confini politici e geografici e cerchiamo di offrire i migliori servizi di qualit\u00e0 con la migliore tariffa del tour e di operare il nostro tour alla base alla qualit\u00e0 standard di il mondo.<\/span><\/p>\n<p style=\"text-align: justify;\"><span style=\"color: #000000;\">Nell&#8217;industria del turismo c&#8217;\u00e8 un dato di fatto che i viaggiatori hanno pi\u00f9 fiducia nelle loro agenzie locali ed \u00e8 un punto positivo, dovuto al fatto che un&#8217;agenzia presenta un tour operator locale poich\u00e9 il suo partner B2B significa che ha confermato la qualit\u00e0 del tour operativo con lo standard internazionale partner per i viaggiatori.<\/span><\/p>\n<p>[\/vc_column_text][vc_empty_space height=&#8221;45px&#8221;][\/vc_column][vc_column width=&#8221;1\/3&#8243;][vc_empty_space height=&#8221;45px&#8221;][st_button st_type=&#8221;btn-success&#8221; st_size=&#8221;btn-lg&#8221; st_ghost=&#8221;btn-ghost&#8221; st_title=&#8221;Unisciti !&#8221;][\/vc_column][\/vc_row][vc_row][vc_column width=&#8221;1\/6&#8243;][\/vc_column][vc_column width=&#8221;2\/3&#8243;][vc_column_text]<\/p>\n<p style=\"text-align: justify;\"><span style=\"color: #000000;\">In Friendly Iran, crediamo che tutte le persone di tutto il mondo siano membri di una grande famiglia, indipendentemente dai confini politici e geografici. Viaggiare pu\u00f2 essere una scusa per le persone per avvicinarsi l&#8217;un l&#8217;altro da nazioni diverse.<\/span><\/p>\n<p style=\"text-align: justify;\"><span style=\"color: #000000;\">Fortunatamente, viaggiare oggi \u00e8 diventato una delle priorit\u00e0 della gente nelle loro vite e le persone sono alla ricerca di luoghi pi\u00f9 nuovi e pi\u00f9 attraenti da visitare. Avendo molte attrazioni naturali, culturali e storiche, l&#8217;Iran pu\u00f2 essere una buona scelta di destinazione per queste persone.<\/span><\/p>\n<p style=\"text-align: justify;\"><span style=\"color: #000000;\">Le persone hanno bisogno di garanzie sui nuovi posti che scelgono di viaggiare. Sulla base di 15 anni di esperienza nel settore dei viaggi, siamo pronti a collaborare con Manager dell&#8217;agenzia viaggi, blogger, tour operator di tutto il mondo per rispondere alle tue domande su questo splendido paese e anche pronto a gestire viaggi FAM su misura . Sar\u00e0 un grande onore essere il tuo ospite in Iran.<\/span><\/p>\n<p>[\/vc_column_text][vc_empty_space height=&#8221;45px&#8221;][vc_column_text]<\/p>\n<h1 style=\"text-align: center;\"><span style=\"color: #000000;\">Zero costi di registrazione, zero costi fissi<\/span><\/h1>\n<p>[\/vc_column_text][vc_column_text]<\/p>\n<p style=\"text-align: justify;\"><span style=\"color: #000000;\">La registrazione \u00e8 gratuita, non \u00e8 previsto nessun costo.<\/span><\/p>\n<p>[\/vc_column_text][\/vc_column][vc_column width=&#8221;1\/6&#8243;][\/vc_column][\/vc_row][vc_row][vc_column][vc_row_inner][vc_column_inner width=&#8221;1\/4&#8243;][\/vc_column_inner][vc_column_inner width=&#8221;1\/2&#8243;][vc_column_text]<\/p>\n<h1 style=\"text-align: center;\"><span style=\"color: #000000;\">Diventa Gardeshgaran partner subito<\/span><\/h1>\n<p style=\"text-align: center;\"><div id=\"quform-0df6ca\" class=\"quform quform-2 quform-theme-react quform-support-page-caching\"><form id=\"quform-form-0df6ca\" class=\"quform-form quform-form-2\" action=\"\/it\/wp-json\/wp\/v2\/pages\/22572#quform-0df6ca\" method=\"post\" enctype=\"multipart\/form-data\" novalidate=\"novalidate\" data-options=\"{&quot;id&quot;:2,&quot;uniqueId&quot;:&quot;0df6ca&quot;,&quot;theme&quot;:&quot;react&quot;,&quot;ajax&quot;:true,&quot;logic&quot;:{&quot;logic&quot;:[],&quot;dependents&quot;:[],&quot;elementIds&quot;:[],&quot;dependentElementIds&quot;:[],&quot;animate&quot;:true},&quot;currentPageId&quot;:5,&quot;errorsIcon&quot;:&quot;&quot;,&quot;updateFancybox&quot;:true,&quot;hasPages&quot;:false,&quot;pages&quot;:[5],&quot;pageProgressType&quot;:&quot;numbers&quot;,&quot;tooltipsEnabled&quot;:true,&quot;tooltipClasses&quot;:&quot;qtip-plain qtip-shadow&quot;,&quot;tooltipMy&quot;:&quot;left center&quot;,&quot;tooltipAt&quot;:&quot;right center&quot;,&quot;isRtl&quot;:false,&quot;scrollOffset&quot;:-50,&quot;scrollSpeed&quot;:800}\"><button class=\"quform-default-submit\" name=\"quform_submit\" type=\"submit\" value=\"submit\" aria-hidden=\"true\" tabindex=\"-1\"><\/button><div class=\"quform-form-inner quform-form-inner-2\"><input type=\"hidden\" name=\"quform_form_id\" value=\"2\" \/><input type=\"hidden\" name=\"quform_form_uid\" value=\"0df6ca\" \/><input type=\"hidden\" name=\"quform_count\" value=\"1\" \/><input type=\"hidden\" name=\"form_url\" value=\"https:\/\/friendlyiran.com\/it\/wp-json\/wp\/v2\/pages\/22572\" \/><input type=\"hidden\" name=\"referring_url\" value=\"\" \/><input type=\"hidden\" name=\"post_id\" value=\"\" \/><input type=\"hidden\" name=\"post_title\" value=\"\" \/><input type=\"hidden\" name=\"quform_current_page_id\" value=\"5\" \/><div class=\"quform-elements quform-elements-2 quform-cf quform-responsive-elements-phone-landscape\"><div class=\"quform-element quform-element-page quform-page-5 quform-page-2_5 quform-cf quform-group-style-plain quform-first-page quform-last-page quform-current-page\"><div class=\"quform-child-elements\"><div class=\"quform-element quform-element-text quform-element-2_1 quform-cf quform-element-optional\"><div class=\"quform-spacer\"><div class=\"quform-label quform-label-2_1\"><label class=\"quform-label-text\" for=\"quform_2_1_0df6ca\">Name<\/label><\/div><div class=\"quform-inner quform-inner-text quform-inner-2_1\"><div class=\"quform-input quform-input-text quform-input-2_1 quform-cf\"><input type=\"text\" id=\"quform_2_1_0df6ca\" name=\"quform_2_1\" class=\"quform-field quform-field-text quform-field-2_1\" \/><\/div><\/div><\/div><\/div><div class=\"quform-element quform-element-text quform-element-2_4 quform-cf quform-element-optional\"><div class=\"quform-spacer\"><div class=\"quform-label quform-label-2_4\"><label class=\"quform-label-text\" for=\"quform_2_4_0df6ca\">Phone number<\/label><\/div><div class=\"quform-inner quform-inner-text quform-inner-2_4\"><div class=\"quform-input quform-input-text quform-input-2_4 quform-cf\"><input type=\"text\" id=\"quform_2_4_0df6ca\" name=\"quform_2_4\" class=\"quform-field quform-field-text quform-field-2_4\" \/><\/div><\/div><\/div><\/div><div class=\"quform-element quform-element-email quform-element-2_2 quform-cf quform-element-required\"><div class=\"quform-spacer\"><div class=\"quform-label quform-label-2_2\"><label class=\"quform-label-text\" for=\"quform_2_2_0df6ca\">Email address<span class=\"quform-required\">(required)<\/span><\/label><\/div><div class=\"quform-inner quform-inner-email quform-inner-2_2\"><div class=\"quform-input quform-input-email quform-input-2_2 quform-cf\"><input type=\"email\" id=\"quform_2_2_0df6ca\" name=\"quform_2_2\" class=\"quform-field quform-field-email quform-field-2_2\" \/><\/div><\/div><\/div><\/div><div class=\"quform-element quform-element-textarea quform-element-2_3 quform-cf quform-element-optional\"><div class=\"quform-spacer\"><div class=\"quform-label quform-label-2_3\"><label class=\"quform-label-text\" for=\"quform_2_3_0df6ca\">Comments<\/label><\/div><div class=\"quform-inner quform-inner-textarea quform-inner-2_3\"><div class=\"quform-input quform-input-textarea quform-input-2_3 quform-cf\"><textarea id=\"quform_2_3_0df6ca\" name=\"quform_2_3\" class=\"quform-field quform-field-textarea quform-field-2_3\"><\/textarea><\/div><\/div><\/div><\/div><div class=\"quform-element quform-element-recaptcha quform-element-2_7 quform-cf quform-element-required quform-recaptcha-no-size\"><div class=\"quform-spacer\"><div class=\"quform-inner quform-inner-recaptcha quform-inner-2_7\"><div class=\"quform-input quform-input-recaptcha quform-input-2_7 quform-cf\"><div class=\"quform-recaptcha\" data-config=\"{&quot;sitekey&quot;:&quot;6LdShLEUAAAAAMZZU7dvDeFw-RU4r82OuWUhZ4lG&quot;,&quot;_version&quot;:&quot;v3&quot;,&quot;size&quot;:&quot;invisible&quot;,&quot;type&quot;:&quot;image&quot;,&quot;theme&quot;:&quot;light&quot;,&quot;badge&quot;:&quot;bottomright&quot;}\"><\/div><noscript>Per favore, abilita JavaScript per inviare questo modulo.<\/noscript><\/div><\/div><\/div><\/div><div class=\"quform-element quform-element-submit quform-element-2_6 quform-cf quform-button-style-theme\"><div class=\"quform-button-submit quform-button-submit-default quform-button-submit-2_6\"><button name=\"quform_submit\" type=\"submit\" class=\"quform-submit\" value=\"submit\"><span class=\"quform-button-text quform-button-submit-text\">Invia<\/span><\/button><\/div><div class=\"quform-loading quform-loading-position-left quform-loading-type-spinner-1\"><div class=\"quform-loading-inner\"><div class=\"quform-loading-spinner\"><div class=\"quform-loading-spinner-inner\"><\/div><\/div><\/div><\/div><\/div><\/div><\/div><\/div><\/div><\/form><\/div><\/p>\n<p>[\/vc_column_text][\/vc_column_inner][vc_column_inner width=&#8221;1\/4&#8243;][\/vc_column_inner][\/vc_row_inner][\/vc_column][\/vc_row]<\/p>\n","protected":false},"excerpt":{"rendered":"<p>[vc_row full_width=&#8221;stretch_row_content&#8221; row_fullwidth=&#8221;yes&#8221; enable_first_overlay=&#8221;true&#8221; first_overlay_opacity=&#8221;100&#8243; enable_second_overlay=&#8221;true&#8221; second_overlay_opacity=&#8221;25&#8243; second_background_type=&#8221;gradient&#8221; second_background_gradient=&#8221;rgba(131,186,227,0)||#0a0a0a||0;100||180||linear&#8221; enable_parallax=&#8221;true&#8221; enable_parallax_pattern=&#8221;true&#8221;][vc_column][vc_empty_space height=&#8221;45px&#8221;][vc_column_text] Sei un\u2019agenzia? Diventa nostro partner! [\/vc_column_text][vc_empty_space height=&#8221;45px&#8221;][\/vc_column][\/vc_row][vc_row][vc_column width=&#8221;2\/3&#8243;][vc_empty_space height=&#8221;45px&#8221;][vc_column_text] Se sei interessante, siamo pronti a mettere una pagina separata nel nostro sito web nella tua lingua con un pacchetto specifico per l&#8217;Iran alla base all&#8217;interesse dei tuoi viaggiatori e presentare la tua agenzia [&hellip;]<\/p>\n","protected":false},"author":1,"featured_media":22362,"parent":0,"menu_order":0,"comment_status":"open","ping_status":"closed","template":"","meta":{"_acf_changed":false,"footnotes":""},"class_list":["post-22572","page","type-page","status-publish","has-post-thumbnail","hentry"],"acf":[],"_links":{"self":[{"href":"https:\/\/friendlyiran.com\/it\/wp-json\/wp\/v2\/pages\/22572","targetHints":{"allow":["GET"]}}],"collection":[{"href":"https:\/\/friendlyiran.com\/it\/wp-json\/wp\/v2\/pages"}],"about":[{"href":"https:\/\/friendlyiran.com\/it\/wp-json\/wp\/v2\/types\/page"}],"author":[{"embeddable":true,"href":"https:\/\/friendlyiran.com\/it\/wp-json\/wp\/v2\/users\/1"}],"replies":[{"embeddable":true,"href":"https:\/\/friendlyiran.com\/it\/wp-json\/wp\/v2\/comments?post=22572"}],"version-history":[{"count":0,"href":"https:\/\/friendlyiran.com\/it\/wp-json\/wp\/v2\/pages\/22572\/revisions"}],"wp:featuredmedia":[{"embeddable":true,"href":"https:\/\/friendlyiran.com\/it\/wp-json\/wp\/v2\/media\/22362"}],"wp:attachment":[{"href":"https:\/\/friendlyiran.com\/it\/wp-json\/wp\/v2\/media?parent=22572"}],"curies":[{"name":"wp","href":"https:\/\/api.w.org\/{rel}","templated":true}]}}