{"id":22649,"date":"2019-05-13T09:23:02","date_gmt":"2019-05-13T05:53:02","guid":{"rendered":"https:\/\/friendlyiran.com\/?page_id=22649"},"modified":"2021-06-22T11:36:56","modified_gmt":"2021-06-22T08:06:56","slug":"dicono-di-noi","status":"publish","type":"page","link":"https:\/\/friendlyiran.com\/it\/dicono-di-noi\/","title":{"rendered":"Dicono di Noi"},"content":{"rendered":"\r\n<p>L&#8217;Iran \u00e8 diverso da qualsiasi altro posto. L&#8217;espansione dell&#8217;industria del turismo ha visto molte destinazioni raggiungere il punto di saturazione, che ha portato le persone a cercare nuove destinazioni che rimangono veramente diverse da dove sono venute.<\/p>\r\n\r\n\r\n\r\n<p>Iran prevede che sia la cultura e le tradizioni che si sono sviluppate in oltre 5.000 anni, alcune delle quali sono nazionali e alcune delle quali rimangono regionali, tutte rimangono per i turisti con cui confrontarsi, essere sfidati e da cui imparare.<\/p>\r\n\r\n\r\n\r\n<p><strong>Perch\u00e9 i nostri viaggiatori ci scelgono<\/strong><\/p>\r\n\r\n\r\n\r\n<p>Friendly Iran \u00e8 un&#8217;azienda leader nella gestione dei viaggi in entrata e tour operator iraniano che si occupa delle esigenze dei viaggiatori internazionali in Iran.<\/p>\r\n\r\n\r\n\r\n<p><strong>I posti in cui starai<\/strong><\/p>\r\n\r\n\r\n\r\n<p>Una sistemazione unica e autentica \u00e8 una delle nostre priorit\u00e0; dagli hotel di lusso ai campi nel deserto e lungo i corsi d&#8217;acqua e gli hotel boutique della citt\u00e0.<\/p>\r\n\r\n\r\n\r\n<p><strong>Conoscenza e competenza<\/strong><\/p>\r\n\r\n\r\n\r\n<p>Il valore aggiunto dell&#8217;offerta Friendly Iran \u00e8 la sua conoscenza e competenza, i suoi tassi competitivi e la sua specialit\u00e0 focalizzata sui viaggi culturali, il che si traduce in una maggiore soddisfazione per il cliente.<\/p>\r\n\r\n\r\n\r\n<p><strong>Il nostro su misura itinerari<\/strong><\/p>\r\n\r\n\r\n\r\n<p>Mentre offriamo una serie di viaggi programmati, i nostri viaggi su misura sono ci\u00f2 che sappiamo fare meglio. Le nostre risorse ed esperienza significano che la tua avventura pu\u00f2 essere tutto ci\u00f2 che hai sognato e altro ancora.<\/p>\r\n\r\n\r\n\r\n<p><strong>Esperienza unica<\/strong><\/p>\r\n\r\n\r\n\r\n<p>Sia che tu cerchi natura , cultura o patrimonio tour, un&#8217;avventura attiva o semplicemente un&#8217;esperienza unica, sappiamo come creare un itinerario straordinario.<\/p>\r\n\r\n\r\n\r\n<p>Sappiamo che ognuno dei nostri viaggiatori \u00e8 unico, cos\u00ec come lo \u00e8 ogni viaggio. I nostri designer di viaggi hanno visitato personalmente le regioni in cui sono specializzati e hanno le competenze di esperti per personalizzare ogni viaggio alla base al proprio stile di viaggio.<\/p>\r\n\r\n\r\n\r\n<p><strong>La nostra promessa a voi<\/strong><\/p>\r\n\r\n\r\n\r\n<p>La nostra reputazione si basa sul fornire un servizio di qualit\u00e0 con veri e propri tocchi personali.<\/p>\r\n\r\n\r\n\r\n<p><strong>La nostra missione<\/strong><\/p>\r\n\r\n\r\n\r\n<p>La nostra missione \u00e8 la soddisfazione totale di tutti coloro che viaggiano con noi.<\/p>\r\n\r\n\r\n\r\n<p><strong>La nostra visione<\/strong><\/p>\r\n\r\n\r\n\r\n<p>Fornire servizi di viaggio e tour superiori con particolare attenzione alla soddisfazione del cliente, entro i migliori prezzi competitivi.<\/p>\r\n","protected":false},"excerpt":{"rendered":"<p>L&#8217;Iran \u00e8 diverso da qualsiasi altro posto. L&#8217;espansione dell&#8217;industria del turismo ha visto molte destinazioni raggiungere il punto di saturazione, che ha portato le persone a cercare nuove destinazioni che rimangono veramente diverse da dove sono venute. Iran prevede che sia la cultura e le tradizioni che si sono sviluppate in oltre 5.000 anni, alcune [&hellip;]<\/p>\n","protected":false},"author":369,"featured_media":24960,"parent":0,"menu_order":0,"comment_status":"open","ping_status":"closed","template":"template-home-modern.php","meta":{"_acf_changed":false,"footnotes":""},"class_list":["post-22649","page","type-page","status-publish","has-post-thumbnail","hentry"],"acf":[],"_links":{"self":[{"href":"https:\/\/friendlyiran.com\/it\/wp-json\/wp\/v2\/pages\/22649","targetHints":{"allow":["GET"]}}],"collection":[{"href":"https:\/\/friendlyiran.com\/it\/wp-json\/wp\/v2\/pages"}],"about":[{"href":"https:\/\/friendlyiran.com\/it\/wp-json\/wp\/v2\/types\/page"}],"author":[{"embeddable":true,"href":"https:\/\/friendlyiran.com\/it\/wp-json\/wp\/v2\/users\/369"}],"replies":[{"embeddable":true,"href":"https:\/\/friendlyiran.com\/it\/wp-json\/wp\/v2\/comments?post=22649"}],"version-history":[{"count":0,"href":"https:\/\/friendlyiran.com\/it\/wp-json\/wp\/v2\/pages\/22649\/revisions"}],"wp:featuredmedia":[{"embeddable":true,"href":"https:\/\/friendlyiran.com\/it\/wp-json\/wp\/v2\/media\/24960"}],"wp:attachment":[{"href":"https:\/\/friendlyiran.com\/it\/wp-json\/wp\/v2\/media?parent=22649"}],"curies":[{"name":"wp","href":"https:\/\/api.w.org\/{rel}","templated":true}]}}