{"id":27444,"date":"2020-02-03T12:24:19","date_gmt":"2020-02-03T08:54:19","guid":{"rendered":"https:\/\/friendlyiran.com\/?page_id=27444"},"modified":"2023-08-17T21:36:25","modified_gmt":"2023-08-17T18:06:25","slug":"iran-destinazione-8-destinazioni-piu-popolari-deliran-2020","status":"publish","type":"page","link":"https:\/\/friendlyiran.com\/it\/iran-destinazione-8-destinazioni-piu-popolari-deliran-2020\/","title":{"rendered":"Iran Destinazione &#8211; Destinazioni pi\u00f9 popolari dell&#8217;Iran 2021-2022"},"content":{"rendered":"\t\t<div data-elementor-type=\"wp-page\" data-elementor-id=\"27444\" class=\"elementor elementor-27444\" data-elementor-post-type=\"page\">\n\t\t\t\t\t\t<section class=\"elementor-section elementor-top-section elementor-element elementor-element-535f35a9 elementor-section-boxed elementor-section-height-default elementor-section-height-default\" data-id=\"535f35a9\" data-element_type=\"section\" data-e-type=\"section\">\n\t\t\t\t\t\t<div class=\"elementor-container elementor-column-gap-default\">\n\t\t\t\t\t<div class=\"elementor-column elementor-col-100 elementor-top-column elementor-element elementor-element-3350e0ef\" data-id=\"3350e0ef\" data-element_type=\"column\" data-e-type=\"column\">\n\t\t\t<div class=\"elementor-widget-wrap elementor-element-populated\">\n\t\t\t\t\t\t<div class=\"elementor-element elementor-element-71599192 elementor-widget elementor-widget-text-editor\" data-id=\"71599192\" data-element_type=\"widget\" data-e-type=\"widget\" data-widget_type=\"text-editor.default\">\n\t\t\t\t\t\t\t\t\t<p style=\"text-align: justify;\"><span style=\"color: #000000;\">L&#8217;Iran \u00e8 la <strong>terra di quattro stagioni<\/strong>, storia e cultura, souvenir e autenticit\u00e0. Questo non \u00e8 uno slogan turistico, questa \u00e8 la realt\u00e0 dedotta dall&#8217;esperienza dei visitatori che sono stati colpiti dalle bellezze dell&#8217;Iran e dalle fantastiche attrazioni.<\/span><\/p>\n<p style=\"text-align: justify;\"><span style=\"color: #000000;\">Antichit\u00e0 e ricchezza dei siti culturali dell&#8217;Iran e della civilt\u00e0, la variet\u00e0 di attrazioni naturali e geografiche, clima di quattro stagioni, siti culturali diversi oltre a diverse trib\u00f9 con tradizioni e costumi diversi e affascinanti hanno reso l&#8217;Iran un tesoro di tangibile e intangibile eredit\u00e0.<\/span><\/p>\n<p style=\"text-align: justify;\"><span style=\"color: #000000;\"><strong>Belle citt\u00e0<\/strong>, <strong>gente simpatic<\/strong>a,<strong> cibo favoloso<\/strong>, <strong>architettura<\/strong> <strong>gloriosa<\/strong>, l&#8217;Iran ha deliziato i visitatori per secoli con i suoi siti Patrimonio dell&#8217;Umanit\u00e0, citt\u00e0 amichevoli e paesaggi desertici stimolanti.<\/span><\/p>\n<p style=\"text-align: justify;\"><span style=\"color: #000000;\">Con vari tipi di attrazioni e attivit\u00e0 turistiche, l&#8217;Iran \u00e8 una terra per molti gusti di viaggio. La migliore destinazione per le vacanze in Medio Oriente \u00e8 sicuramente l&#8217;Iran, soprattutto quando ti interessa;<\/span><\/p>\n\n<ul>\n \t<li style=\"text-align: left;\"><span style=\"color: #000000;\">Rovine storiche antiche<\/span><\/li>\n \t<li style=\"text-align: left;\"><span style=\"color: #000000;\">Cultura e tradizioni persiane<\/span><\/li>\n \t<li style=\"text-align: left;\"><span style=\"color: #000000;\">Affascinante architettura e arte iraniana<\/span><\/li>\n \t<li style=\"text-align: left;\"><span style=\"color: #000000;\">Natura pura e spettacolare<\/span><\/li>\n \t<li style=\"text-align: left;\"><span style=\"color: #000000;\">La gente accoglienti e amichevoli<\/span><\/li>\n<\/ul>\t\t\t\t\t\t\t\t<\/div>\n\t\t\t\t<div class=\"elementor-element elementor-element-391f3332 elementor-widget elementor-widget-text-editor\" data-id=\"391f3332\" data-element_type=\"widget\" data-e-type=\"widget\" data-widget_type=\"text-editor.default\">\n\t\t\t\t\t\t\t\t\t<h3 style=\"text-align: center;\"><b> Oltre i siti culturali dell&#8217;Iran<\/b><\/h3>\t\t\t\t\t\t\t\t<\/div>\n\t\t\t\t<div class=\"elementor-element elementor-element-d8d6c68 elementor-widget elementor-widget-text-editor\" data-id=\"d8d6c68\" data-element_type=\"widget\" data-e-type=\"widget\" data-widget_type=\"text-editor.default\">\n\t\t\t\t\t\t\t\t\t<p style=\"text-align: justify;\"><span style=\"color: #000000;\">L&#8217;Iran \u00e8<strong> la<\/strong> <strong>terra della storia<\/strong> e <strong>della cultura<\/strong>, non solo per i suoi <strong>Pasargad<\/strong> e<strong>\u00a0<\/strong><\/span><strong><span style=\"color: #000000;\">Persepol<\/span><\/strong><span style=\"color: #000000;\"><strong>i<\/strong>, <\/span><strong style=\"color: #000000;\">Chogha Zanbi<\/strong><span style=\"color: #000000;\">l, <\/span><strong style=\"color: #000000;\">Piazza Naqsh-e Jahan<\/strong><span style=\"color: #000000;\">, <strong>Yazd<\/strong> e <strong>Shiraz<\/strong>, <strong>Khuzestan<\/strong> e <strong>Isfahan<\/strong>, e il suo patrimonio tangibile \u00e8 iscritto nella lista del patrimonio mondiale dell&#8217;UNESCO; la sua millenaria civilt\u00e0 e migliaia di monumenti e siti storici e archeologici dimostrano la variet\u00e0 e il valore del <b>patrimonio religioso e spirituale<\/b>, i riti, le tradizioni intatte di questo paese come segno di autenticit\u00e0 e splendore.<\/span><\/p><p><span style=\"color: #000000;\">Oggi abbiamo ereditato la conoscenza e la scienza da scienziati, studiosi ed \u00e9lite come <b>Hafez<\/b>, <b>Saadi Shirazi<\/b>, <b>Omar Khayyam<\/b>, <b>Ibn Khaldun<\/b>, <b>Farab<\/b>i, <b>Ibn Sina<\/b> (Avicenna), <b>Ferdowsi<\/b> e <b>Jalal ad-Din Muhammad Rumi<\/b>.<\/span><\/p><p><span style=\"color: #000000;\">L&#8217;Iran \u00e8 la terra dei souvenir con molti <b>bazar <\/b>e <b>mercati tradizionali<\/b>. \u00c8 l&#8217;<b>origine dell&#8217;artigianato<\/b> e ha pi\u00f9 di duecento tipi di arti e<b> mestieri di cui hanno ottenuto il marchio di eccellenza UNESCO<\/b>.<\/span><\/p><p><span style=\"color: #000000;\">I turisti possono godere della qualit\u00e0 dei prodotti artigianali iraniani e del gusto e dell&#8217;<strong>odore del cibo<\/strong> e <strong>della cucina locale<\/strong>. L&#8217;Iran, la terra delle quattro stagioni, storia e cultura, souvenir e autenticit\u00e0 con montagne e deserti, foreste, pianure e mari, culture e tradizioni ti aspetta. <strong>Se desideri trovare un piccolo mondo in un vasto paese, visita l&#8217;Iran.<\/strong><\/span><\/p>\t\t\t\t\t\t\t\t<\/div>\n\t\t\t\t<div class=\"elementor-element elementor-element-f5cdd77 elementor-widget elementor-widget-text-editor\" data-id=\"f5cdd77\" data-element_type=\"widget\" data-e-type=\"widget\" data-widget_type=\"text-editor.default\">\n\t\t\t\t\t\t\t\t\t<h3 style=\"text-align: center;\"><b> Clima Iran<\/b><\/h3>\t\t\t\t\t\t\t\t<\/div>\n\t\t\t\t<div class=\"elementor-element elementor-element-4fdadca elementor-widget elementor-widget-text-editor\" data-id=\"4fdadca\" data-element_type=\"widget\" data-e-type=\"widget\" data-widget_type=\"text-editor.default\">\n\t\t\t\t\t\t\t\t\t<p style=\"text-align: justify;\"><span style=\"color: #000000;\">Climi diversi possono essere trovati contemporaneamente in Iran. Alcune citt\u00e0 hanno un clima estivo in inverno o un clima primaverile o autunnale; allo stesso tempo in estate potresti trovare alcune regioni coperte di neve, ghiaccioli o sperimentare pioggia e brezza primaverile.<\/span><\/p>\t\t\t\t\t\t\t\t<\/div>\n\t\t\t\t\t<\/div>\n\t\t<\/div>\n\t\t\t\t\t<\/div>\n\t\t<\/section>\n\t\t\t\t<section class=\"elementor-section elementor-top-section elementor-element elementor-element-f2f865c elementor-section-boxed elementor-section-height-default elementor-section-height-default\" data-id=\"f2f865c\" data-element_type=\"section\" data-e-type=\"section\">\n\t\t\t\t\t\t<div class=\"elementor-container elementor-column-gap-default\">\n\t\t\t\t\t<div class=\"elementor-column elementor-col-100 elementor-top-column elementor-element elementor-element-76b9985\" data-id=\"76b9985\" data-element_type=\"column\" data-e-type=\"column\">\n\t\t\t<div class=\"elementor-widget-wrap elementor-element-populated\">\n\t\t\t\t\t\t<div class=\"elementor-element elementor-element-efb4179 elementor-widget elementor-widget-text-editor\" data-id=\"efb4179\" data-element_type=\"widget\" data-e-type=\"widget\" data-widget_type=\"text-editor.default\">\n\t\t\t\t\t\t\t\t\t<h2 class=\"LC20lb\" style=\"text-align: center;\"><span style=\"color: #000000;\"><strong>Le migliori destinazioni e idee per le vacanze nel 2020\u00a0<\/strong><strong>in IRAN<\/strong><\/span><\/h2>\t\t\t\t\t\t\t\t<\/div>\n\t\t\t\t\t<\/div>\n\t\t<\/div>\n\t\t\t\t\t<\/div>\n\t\t<\/section>\n\t\t\t\t<section class=\"elementor-section elementor-top-section elementor-element elementor-element-6457444a elementor-section-boxed elementor-section-height-default elementor-section-height-default\" data-id=\"6457444a\" data-element_type=\"section\" data-e-type=\"section\">\n\t\t\t\t\t\t<div class=\"elementor-container elementor-column-gap-default\">\n\t\t\t\t\t<div class=\"elementor-column elementor-col-25 elementor-top-column elementor-element elementor-element-e8e16cc\" data-id=\"e8e16cc\" data-element_type=\"column\" data-e-type=\"column\">\n\t\t\t<div class=\"elementor-widget-wrap elementor-element-populated\">\n\t\t\t\t\t\t<div class=\"elementor-element elementor-element-25a5c4ea elementor-widget elementor-widget-image\" data-id=\"25a5c4ea\" data-element_type=\"widget\" data-e-type=\"widget\" data-widget_type=\"image.default\">\n\t\t\t\t\t\t\t\t\t\t\t\t<figure class=\"wp-caption\">\n\t\t\t\t\t\t\t\t\t\t\t<a href=\"https:\/\/friendlyiran.com\/iran-tour\/tehran-tours\/\">\n\t\t\t\t\t\t\t<img fetchpriority=\"high\" decoding=\"async\" width=\"500\" height=\"400\" src=\"https:\/\/friendlyiran.com\/wp-content\/uploads\/2015\/09\/tehran-500x400.jpg\" class=\"attachment-thumbnail size-thumbnail wp-image-19930\" alt=\"\" \/>\t\t\t\t\t\t\t\t<\/a>\n\t\t\t\t\t\t\t\t\t\t\t<figcaption class=\"widget-image-caption wp-caption-text\">Tehran<\/figcaption>\n\t\t\t\t\t\t\t\t\t\t<\/figure>\n\t\t\t\t\t\t\t\t\t<\/div>\n\t\t\t\t\t<\/div>\n\t\t<\/div>\n\t\t\t\t<div class=\"elementor-column elementor-col-25 elementor-top-column elementor-element elementor-element-5f4cfc48\" data-id=\"5f4cfc48\" data-element_type=\"column\" data-e-type=\"column\">\n\t\t\t<div class=\"elementor-widget-wrap elementor-element-populated\">\n\t\t\t\t\t\t<div class=\"elementor-element elementor-element-3dda00bc elementor-widget elementor-widget-image\" data-id=\"3dda00bc\" data-element_type=\"widget\" data-e-type=\"widget\" data-widget_type=\"image.default\">\n\t\t\t\t\t\t\t\t\t\t\t\t<figure class=\"wp-caption\">\n\t\t\t\t\t\t\t\t\t\t<img decoding=\"async\" width=\"500\" height=\"400\" src=\"https:\/\/friendlyiran.com\/wp-content\/uploads\/2019\/06\/shiraz-500x400.jpg\" class=\"attachment-thumbnail size-thumbnail wp-image-22959\" alt=\"\" \/>\t\t\t\t\t\t\t\t\t\t\t<figcaption class=\"widget-image-caption wp-caption-text\">Shiraz<\/figcaption>\n\t\t\t\t\t\t\t\t\t\t<\/figure>\n\t\t\t\t\t\t\t\t\t<\/div>\n\t\t\t\t\t<\/div>\n\t\t<\/div>\n\t\t\t\t<div class=\"elementor-column elementor-col-25 elementor-top-column elementor-element elementor-element-3aab6f02\" data-id=\"3aab6f02\" data-element_type=\"column\" data-e-type=\"column\">\n\t\t\t<div class=\"elementor-widget-wrap elementor-element-populated\">\n\t\t\t\t\t\t<div class=\"elementor-element elementor-element-569b1d25 elementor-widget elementor-widget-image\" data-id=\"569b1d25\" data-element_type=\"widget\" data-e-type=\"widget\" data-widget_type=\"image.default\">\n\t\t\t\t\t\t\t\t\t\t\t\t<figure class=\"wp-caption\">\n\t\t\t\t\t\t\t\t\t\t\t<a href=\"https:\/\/friendlyiran.com\/iran-tour\/isfahan-tours\/\">\n\t\t\t\t\t\t\t<img decoding=\"async\" width=\"500\" height=\"400\" src=\"https:\/\/friendlyiran.com\/wp-content\/uploads\/2019\/07\/Isfahan-giornaliere-tour2-500x400.jpg\" class=\"attachment-thumbnail size-thumbnail wp-image-24146\" alt=\"\" \/>\t\t\t\t\t\t\t\t<\/a>\n\t\t\t\t\t\t\t\t\t\t\t<figcaption class=\"widget-image-caption wp-caption-text\">Isfahan<\/figcaption>\n\t\t\t\t\t\t\t\t\t\t<\/figure>\n\t\t\t\t\t\t\t\t\t<\/div>\n\t\t\t\t\t<\/div>\n\t\t<\/div>\n\t\t\t\t<div class=\"elementor-column elementor-col-25 elementor-top-column elementor-element elementor-element-4aa509ba\" data-id=\"4aa509ba\" data-element_type=\"column\" data-e-type=\"column\">\n\t\t\t<div class=\"elementor-widget-wrap elementor-element-populated\">\n\t\t\t\t\t\t<div class=\"elementor-element elementor-element-470d4ef elementor-widget elementor-widget-image\" data-id=\"470d4ef\" data-element_type=\"widget\" data-e-type=\"widget\" data-widget_type=\"image.default\">\n\t\t\t\t\t\t\t\t\t\t\t\t<figure class=\"wp-caption\">\n\t\t\t\t\t\t\t\t\t\t\t<a href=\"https:\/\/friendlyiran.com\/yazd-tours\/\">\n\t\t\t\t\t\t\t<img loading=\"lazy\" decoding=\"async\" width=\"500\" height=\"400\" src=\"https:\/\/friendlyiran.com\/wp-content\/uploads\/2017\/08\/Fahraj-desert-yazd-500x400.jpg\" class=\"attachment-thumbnail size-thumbnail wp-image-11474\" alt=\"\" srcset=\"https:\/\/friendlyiran.com\/wp-content\/uploads\/2017\/08\/Fahraj-desert-yazd-500x400.jpg 500w, https:\/\/friendlyiran.com\/wp-content\/uploads\/2017\/08\/Fahraj-desert-yazd-600x480.jpg 600w, https:\/\/friendlyiran.com\/wp-content\/uploads\/2017\/08\/Fahraj-desert-yazd.jpg 750w\" sizes=\"(max-width: 500px) 100vw, 500px\" \/>\t\t\t\t\t\t\t\t<\/a>\n\t\t\t\t\t\t\t\t\t\t\t<figcaption class=\"widget-image-caption wp-caption-text\">Yazd<\/figcaption>\n\t\t\t\t\t\t\t\t\t\t<\/figure>\n\t\t\t\t\t\t\t\t\t<\/div>\n\t\t\t\t\t<\/div>\n\t\t<\/div>\n\t\t\t\t\t<\/div>\n\t\t<\/section>\n\t\t\t\t<section class=\"elementor-section elementor-top-section elementor-element elementor-element-45f23e90 elementor-section-boxed elementor-section-height-default elementor-section-height-default\" data-id=\"45f23e90\" data-element_type=\"section\" data-e-type=\"section\">\n\t\t\t\t\t\t<div class=\"elementor-container elementor-column-gap-default\">\n\t\t\t\t\t<div class=\"elementor-column elementor-col-25 elementor-top-column elementor-element elementor-element-44b0be9f\" data-id=\"44b0be9f\" data-element_type=\"column\" data-e-type=\"column\">\n\t\t\t<div class=\"elementor-widget-wrap elementor-element-populated\">\n\t\t\t\t\t\t<div class=\"elementor-element elementor-element-1ff3c892 elementor-widget elementor-widget-image\" data-id=\"1ff3c892\" data-element_type=\"widget\" data-e-type=\"widget\" data-widget_type=\"image.default\">\n\t\t\t\t\t\t\t\t\t\t\t\t<figure class=\"wp-caption\">\n\t\t\t\t\t\t\t\t\t\t\t<a href=\"https:\/\/friendlyiran.com\/iran-tour\/islands\/\">\n\t\t\t\t\t\t\t<img loading=\"lazy\" decoding=\"async\" width=\"500\" height=\"400\" src=\"https:\/\/friendlyiran.com\/wp-content\/uploads\/2018\/11\/kish-iran-tour-500x400.jpg\" class=\"attachment-thumbnail size-thumbnail wp-image-18376\" alt=\"\" \/>\t\t\t\t\t\t\t\t<\/a>\n\t\t\t\t\t\t\t\t\t\t\t<figcaption class=\"widget-image-caption wp-caption-text\">Kish<\/figcaption>\n\t\t\t\t\t\t\t\t\t\t<\/figure>\n\t\t\t\t\t\t\t\t\t<\/div>\n\t\t\t\t\t<\/div>\n\t\t<\/div>\n\t\t\t\t<div class=\"elementor-column elementor-col-25 elementor-top-column elementor-element elementor-element-71ea74a9\" data-id=\"71ea74a9\" data-element_type=\"column\" data-e-type=\"column\">\n\t\t\t<div class=\"elementor-widget-wrap elementor-element-populated\">\n\t\t\t\t\t\t<div class=\"elementor-element elementor-element-5222cc5d elementor-widget elementor-widget-image\" data-id=\"5222cc5d\" data-element_type=\"widget\" data-e-type=\"widget\" data-widget_type=\"image.default\">\n\t\t\t\t\t\t\t\t\t\t\t\t<figure class=\"wp-caption\">\n\t\t\t\t\t\t\t\t\t\t\t<a href=\"https:\/\/friendlyiran.com\/iran-tour\/mashhad-tours\/\">\n\t\t\t\t\t\t\t<img loading=\"lazy\" decoding=\"async\" width=\"500\" height=\"400\" src=\"https:\/\/friendlyiran.com\/wp-content\/uploads\/2019\/07\/Imam-reza-Shrine-Mashhad-500x400.jpg\" class=\"attachment-thumbnail size-thumbnail wp-image-23550\" alt=\"\" \/>\t\t\t\t\t\t\t\t<\/a>\n\t\t\t\t\t\t\t\t\t\t\t<figcaption class=\"widget-image-caption wp-caption-text\">Mashhad<\/figcaption>\n\t\t\t\t\t\t\t\t\t\t<\/figure>\n\t\t\t\t\t\t\t\t\t<\/div>\n\t\t\t\t\t<\/div>\n\t\t<\/div>\n\t\t\t\t<div class=\"elementor-column elementor-col-25 elementor-top-column elementor-element elementor-element-3d3ef92e\" data-id=\"3d3ef92e\" data-element_type=\"column\" data-e-type=\"column\">\n\t\t\t<div class=\"elementor-widget-wrap elementor-element-populated\">\n\t\t\t\t\t\t<div class=\"elementor-element elementor-element-43927194 elementor-widget elementor-widget-image\" data-id=\"43927194\" data-element_type=\"widget\" data-e-type=\"widget\" data-widget_type=\"image.default\">\n\t\t\t\t\t\t\t\t\t\t\t\t<figure class=\"wp-caption\">\n\t\t\t\t\t\t\t\t\t\t\t<a href=\"https:\/\/friendlyiran.com\/iran-tour\/tabriz-tours\/\">\n\t\t\t\t\t\t\t<img loading=\"lazy\" decoding=\"async\" width=\"500\" height=\"400\" src=\"https:\/\/friendlyiran.com\/wp-content\/uploads\/2017\/08\/El_Goli_Tabriz-500x400.jpg\" class=\"attachment-thumbnail size-thumbnail wp-image-11712\" alt=\"\" \/>\t\t\t\t\t\t\t\t<\/a>\n\t\t\t\t\t\t\t\t\t\t\t<figcaption class=\"widget-image-caption wp-caption-text\">Tabriz<\/figcaption>\n\t\t\t\t\t\t\t\t\t\t<\/figure>\n\t\t\t\t\t\t\t\t\t<\/div>\n\t\t\t\t\t<\/div>\n\t\t<\/div>\n\t\t\t\t<div class=\"elementor-column elementor-col-25 elementor-top-column elementor-element elementor-element-78bde383\" data-id=\"78bde383\" data-element_type=\"column\" data-e-type=\"column\">\n\t\t\t<div class=\"elementor-widget-wrap elementor-element-populated\">\n\t\t\t\t\t\t<div class=\"elementor-element elementor-element-4be0a0f1 elementor-widget elementor-widget-image\" data-id=\"4be0a0f1\" data-element_type=\"widget\" data-e-type=\"widget\" data-widget_type=\"image.default\">\n\t\t\t\t\t\t\t\t\t\t\t\t<figure class=\"wp-caption\">\n\t\t\t\t\t\t\t\t\t\t\t<a href=\"https:\/\/friendlyiran.com\/iran-tour\/islands\/\">\n\t\t\t\t\t\t\t<img loading=\"lazy\" decoding=\"async\" width=\"500\" height=\"400\" src=\"https:\/\/friendlyiran.com\/wp-content\/uploads\/2016\/03\/qeshm-dolphins-500x400.jpg\" class=\"attachment-thumbnail size-thumbnail wp-image-13221\" alt=\"\" \/>\t\t\t\t\t\t\t\t<\/a>\n\t\t\t\t\t\t\t\t\t\t\t<figcaption class=\"widget-image-caption wp-caption-text\">Qeshm<\/figcaption>\n\t\t\t\t\t\t\t\t\t\t<\/figure>\n\t\t\t\t\t\t\t\t\t<\/div>\n\t\t\t\t\t<\/div>\n\t\t<\/div>\n\t\t\t\t\t<\/div>\n\t\t<\/section>\n\t\t\t\t<section class=\"elementor-section elementor-top-section elementor-element elementor-element-13b7a9c0 elementor-section-boxed elementor-section-height-default elementor-section-height-default\" data-id=\"13b7a9c0\" data-element_type=\"section\" data-e-type=\"section\">\n\t\t\t\t\t\t<div class=\"elementor-container elementor-column-gap-default\">\n\t\t\t\t\t<div class=\"elementor-column elementor-col-100 elementor-top-column elementor-element elementor-element-56646ea3\" data-id=\"56646ea3\" data-element_type=\"column\" data-e-type=\"column\">\n\t\t\t<div class=\"elementor-widget-wrap elementor-element-populated\">\n\t\t\t\t\t\t<div class=\"elementor-element elementor-element-1a8f16e7 elementor-widget elementor-widget-image\" data-id=\"1a8f16e7\" data-element_type=\"widget\" data-e-type=\"widget\" data-widget_type=\"image.default\">\n\t\t\t\t\t\t\t\t\t\t\t\t\t\t\t<img loading=\"lazy\" decoding=\"async\" width=\"800\" height=\"387\" src=\"https:\/\/friendlyiran.com\/wp-content\/uploads\/2019\/08\/Popular-Iran-Destination-1.jpg\" class=\"attachment-medium_large size-medium_large wp-image-25032\" alt=\"\" srcset=\"https:\/\/friendlyiran.com\/wp-content\/uploads\/2019\/08\/Popular-Iran-Destination-1.jpg 800w, https:\/\/friendlyiran.com\/wp-content\/uploads\/2019\/08\/Popular-Iran-Destination-1-600x290.jpg 600w\" sizes=\"(max-width: 800px) 100vw, 800px\" \/>\t\t\t\t\t\t\t\t\t\t\t\t\t\t\t<\/div>\n\t\t\t\t\t<\/div>\n\t\t<\/div>\n\t\t\t\t\t<\/div>\n\t\t<\/section>\n\t\t\t\t<\/div>\n\t\t","protected":false},"excerpt":{"rendered":"<p>Con vari tipi di attrazioni e attivit\u00e0 turistiche, l&#8217;Iran \u00e8 una terra per molti gusti di viaggio. La migliore destinazione per le vacanze in Medio Oriente \u00e8 sicuramente l&#8217;Iran, soprattutto quando ti interessa; Rovine storiche antiche Cultura e tradizioni persiane Affascinante architettura e arte iraniana Natura pura e spettacolare La gente accoglienti e amichevoli Le [&hellip;]<\/p>\n","protected":false},"author":369,"featured_media":24795,"parent":0,"menu_order":0,"comment_status":"open","ping_status":"closed","template":"","meta":{"_acf_changed":false,"footnotes":""},"class_list":["post-27444","page","type-page","status-publish","has-post-thumbnail","hentry"],"acf":[],"_links":{"self":[{"href":"https:\/\/friendlyiran.com\/it\/wp-json\/wp\/v2\/pages\/27444","targetHints":{"allow":["GET"]}}],"collection":[{"href":"https:\/\/friendlyiran.com\/it\/wp-json\/wp\/v2\/pages"}],"about":[{"href":"https:\/\/friendlyiran.com\/it\/wp-json\/wp\/v2\/types\/page"}],"author":[{"embeddable":true,"href":"https:\/\/friendlyiran.com\/it\/wp-json\/wp\/v2\/users\/369"}],"replies":[{"embeddable":true,"href":"https:\/\/friendlyiran.com\/it\/wp-json\/wp\/v2\/comments?post=27444"}],"version-history":[{"count":0,"href":"https:\/\/friendlyiran.com\/it\/wp-json\/wp\/v2\/pages\/27444\/revisions"}],"wp:featuredmedia":[{"embeddable":true,"href":"https:\/\/friendlyiran.com\/it\/wp-json\/wp\/v2\/media\/24795"}],"wp:attachment":[{"href":"https:\/\/friendlyiran.com\/it\/wp-json\/wp\/v2\/media?parent=27444"}],"curies":[{"name":"wp","href":"https:\/\/api.w.org\/{rel}","templated":true}]}}