{"id":28888,"date":"2020-03-31T06:47:32","date_gmt":"2020-03-31T03:17:32","guid":{"rendered":"https:\/\/friendlyiran.com\/?page_id=28888"},"modified":"2021-06-22T11:44:22","modified_gmt":"2021-06-22T08:14:22","slug":"guida-di-viaggio-a-mashhad","status":"publish","type":"page","link":"https:\/\/friendlyiran.com\/it\/guida-di-viaggio-a-mashhad\/","title":{"rendered":"Guida di Viaggio a Mashhad"},"content":{"rendered":"\t\t<div data-elementor-type=\"wp-page\" data-elementor-id=\"28888\" class=\"elementor elementor-28888\" data-elementor-post-type=\"page\">\n\t\t\t\t\t\t<section class=\"elementor-section elementor-top-section elementor-element elementor-element-2a4b029d elementor-section-boxed elementor-section-height-default elementor-section-height-default\" data-id=\"2a4b029d\" data-element_type=\"section\" data-e-type=\"section\">\n\t\t\t\t\t\t<div class=\"elementor-container elementor-column-gap-default\">\n\t\t\t\t\t<div class=\"elementor-column elementor-col-100 elementor-top-column elementor-element elementor-element-2fb4696\" data-id=\"2fb4696\" data-element_type=\"column\" data-e-type=\"column\">\n\t\t\t<div class=\"elementor-widget-wrap elementor-element-populated\">\n\t\t\t\t\t\t<div class=\"elementor-element elementor-element-2f5e2d9f elementor-widget elementor-widget-text-editor\" data-id=\"2f5e2d9f\" data-element_type=\"widget\" data-e-type=\"widget\" data-widget_type=\"text-editor.default\">\n\t\t\t\t\t\t\t\t\t<p class=\"MsoNormal\" style=\"direction: ltr; unicode-bidi: embed; text-align: justify;\"><span lang=\"IT\" style=\"color: #000000;\">Mashhad \u00e8 la seconda citt\u00e0 pi\u00f9 grande dell&#8217;Iran e la pi\u00f9 importante dal punto di vista religioso. La sua attrazione principale \u00e8 il bellissimo Haram (complesso del santuario), vasto e in continua espansione, che commemora il martirio di Reza, l&#8217;ottavo imam. Inoltre, con un&#8217;escursione di un giorno pi\u00f9 breve, \u00e8 possibile raggiungere l&#8217;antico villaggio di Torqabeh. Torghabeh rimane rustica con le sue pittoresche case da t\u00e8 e ristoranti. Tuttavia, per allontanarsi un po &#8216;dalla giungla di cemento, vale la pena andare a Kang &#8220;Masuleh of Khorasan&#8221;, un villaggio a terrazze e una destinazione invitante, soprattutto per gli escursionisti. Con un&#8217;escursione di un giorno pi\u00f9 esteso, puoi raggiungere il palazzo incompiuto (in realt\u00e0 una torre funebre) del Nadir Shah a Kalat, lungo una strada che attraversa un paesaggio montuoso desolato e affascinante. Un&#8217;altra bella gita di un giorno \u00e8 quella che, dopo un tratto di autostrada, conduce alla solitaria torre astronomica del 13 \u00b0 secolo vicino a Radkan, un villaggio dove si trova uno dei migliori lodge ecologici (Kohan-dezh ecolodge) in tutta la regione.<\/span><\/p><p><span style=\"color: #000000;\">Mashhad \u00e8 la migliore destinazione per gli <strong>amanti dello zafferano<\/strong>, il <strong>turismo spirituale<\/strong> e gli<strong> hikers<\/strong>.<\/span><\/p><p style=\"text-align: justify;\"><span style=\"color: #000000;\">Oltre alle visite guidate della citt\u00e0, gite di un giorno da Mashhad sono anche tra i tour pi\u00f9 richiesti. La variet\u00e0 di attivit\u00e0 coinvolgenti per i turisti che circondano Mashhad sono incredibili; attivit\u00e0 come il<strong> tour dello zafferano<\/strong> (<strong>raccogliere lo zafferano e visitare la fattoria dello zafferano<\/strong>), <strong>visitare i nomadi<\/strong> e il <strong>tour del giardino dei pistacchio<\/strong>. Chi ama la poesia medievale iraniana potrebbe voler visitare le tombe di questi due poeti pi\u00f9 significativi, vale a dire il mausoleo di Omar Khayyam a Neishabur e quello di Ferdowsi a Tus. Un parco circonda ogni santuario.<\/span><\/p>\t\t\t\t\t\t\t\t<\/div>\n\t\t\t\t<div class=\"elementor-element elementor-element-251396e2 elementor-widget elementor-widget-heading\" data-id=\"251396e2\" data-element_type=\"widget\" data-e-type=\"widget\" data-widget_type=\"heading.default\">\n\t\t\t\t\t<h2 class=\"elementor-heading-title elementor-size-default\"><b>I migliori pacchetti turistici e escursioni a Shiraz 2020 - 2021<\/b><\/h2>\t\t\t\t<\/div>\n\t\t\t\t<div class=\"elementor-element elementor-element-7560ec1f elementor-grid-4 elementor-grid-tablet-2 elementor-grid-mobile-1 elementor-posts--thumbnail-top elementor-card-shadow-yes elementor-posts__hover-gradient elementor-widget elementor-widget-posts\" data-id=\"7560ec1f\" data-element_type=\"widget\" data-e-type=\"widget\" data-settings=\"{&quot;cards_row_gap&quot;:{&quot;unit&quot;:&quot;px&quot;,&quot;size&quot;:30,&quot;sizes&quot;:[]},&quot;pagination_type&quot;:&quot;numbers_and_prev_next&quot;,&quot;cards_columns&quot;:&quot;4&quot;,&quot;cards_columns_tablet&quot;:&quot;2&quot;,&quot;cards_columns_mobile&quot;:&quot;1&quot;,&quot;cards_row_gap_tablet&quot;:{&quot;unit&quot;:&quot;px&quot;,&quot;size&quot;:&quot;&quot;,&quot;sizes&quot;:[]},&quot;cards_row_gap_mobile&quot;:{&quot;unit&quot;:&quot;px&quot;,&quot;size&quot;:&quot;&quot;,&quot;sizes&quot;:[]}}\" data-widget_type=\"posts.cards\">\n\t\t\t\t<div class=\"elementor-widget-container\">\n\t\t\t\t\t\t\t<div class=\"elementor-posts-container elementor-posts elementor-posts--skin-cards elementor-grid\" role=\"list\">\n\t\t\t\t<article class=\"elementor-post elementor-grid-item post-25883 iran-tour type-iran-tour status-publish format-standard has-post-thumbnail hentry destinations-iran destinations-mashhad duration-1-to-3day st_tour_type-city-trips-it\" role=\"listitem\">\n\t\t\t<div class=\"elementor-post__card\">\n\t\t\t\t<a class=\"elementor-post__thumbnail__link\" href=\"https:\/\/friendlyiran.com\/it\/iran-tour\/un-giorno-pellegrinaggio-tour-di-mashhad\/\" tabindex=\"-1\" ><div class=\"elementor-post__thumbnail\"><img fetchpriority=\"high\" decoding=\"async\" width=\"500\" height=\"400\" src=\"https:\/\/friendlyiran.com\/wp-content\/uploads\/2019\/08\/Mashhad-giornaliero-tour-500x400.jpg\" class=\"attachment-thumbnail size-thumbnail wp-image-25886\" alt=\"\" \/><\/div><\/a>\n\t\t\t\t<div class=\"elementor-post__badge\">City Trips<\/div>\n\t\t\t\t<div class=\"elementor-post__text\">\n\t\t\t\t<h3 class=\"elementor-post__title\">\n\t\t\t<a href=\"https:\/\/friendlyiran.com\/it\/iran-tour\/un-giorno-pellegrinaggio-tour-di-mashhad\/\" >\n\t\t\t\tUn giorno pellegrinaggio tour di Mashhad\t\t\t<\/a>\n\t\t<\/h3>\n\t\t\t\t<div class=\"elementor-post__excerpt\">\n\t\t\t<p>Se stai pensando di viaggiare a Mashhad, sei nel posto giusto. Ti aiutiamo a trovare il pacchetto migliore.<\/p>\n\t\t<\/div>\n\t\t\t\t<\/div>\n\t\t\t\t<div class=\"elementor-post__meta-data\">\n\t\t\t\t\t<span class=\"elementor-post-author\">\n\t\t\tZahra Hakimrabet\t\t<\/span>\n\t\t\t\t<\/div>\n\t\t\t\t\t<\/div>\n\t\t<\/article>\n\t\t\t\t<article class=\"elementor-post elementor-grid-item post-14020 iran-tour type-iran-tour status-publish format-standard has-post-thumbnail hentry destinations-iran destinations-mashhad destinations-tabriz destinations-tehran duration-7-to-14-days st_tour_type-adventure st_tour_type-cultural-tours-it\" role=\"listitem\">\n\t\t\t<div class=\"elementor-post__card\">\n\t\t\t\t<a class=\"elementor-post__thumbnail__link\" href=\"https:\/\/friendlyiran.com\/it\/iran-tour\/viaggi-lungo-la-via-della-seta\/\" tabindex=\"-1\" ><div class=\"elementor-post__thumbnail\"><img decoding=\"async\" width=\"500\" height=\"400\" src=\"https:\/\/friendlyiran.com\/wp-content\/uploads\/2018\/05\/via-della-seta-Iran-viaggio8-500x400.jpg\" class=\"attachment-thumbnail size-thumbnail wp-image-21748\" alt=\"\" \/><\/div><\/a>\n\t\t\t\t<div class=\"elementor-post__badge\">Adventure<\/div>\n\t\t\t\t<div class=\"elementor-post__text\">\n\t\t\t\t<h3 class=\"elementor-post__title\">\n\t\t\t<a href=\"https:\/\/friendlyiran.com\/it\/iran-tour\/viaggi-lungo-la-via-della-seta\/\" >\n\t\t\t\tIran Viaggi lungo la Via della Seta\t\t\t<\/a>\n\t\t<\/h3>\n\t\t\t\t<div class=\"elementor-post__excerpt\">\n\t\t\t<p><b>Mashhad >Bastam >Jangal abr >Tehran >Zanjan >Tabriz<\/b><br \/>\nIn questo tour di 10 giorni, attraverseremo strade e siti storici e offriremo una vasta gamma di esperienze dall&#8217;ascolto di musica persiana dal vivo alla cucina locale.<\/p>\n\t\t<\/div>\n\t\t\t\t<\/div>\n\t\t\t\t<div class=\"elementor-post__meta-data\">\n\t\t\t\t\t<span class=\"elementor-post-author\">\n\t\t\tZahra Hakimrabet\t\t<\/span>\n\t\t\t\t<\/div>\n\t\t\t\t\t<\/div>\n\t\t<\/article>\n\t\t\t\t<\/div>\n\t\t\n\t\t\t\t\t\t<\/div>\n\t\t\t\t<\/div>\n\t\t\t\t\t<\/div>\n\t\t<\/div>\n\t\t\t\t\t<\/div>\n\t\t<\/section>\n\t\t\t\t<section class=\"elementor-section elementor-top-section elementor-element elementor-element-723db785 elementor-section-boxed elementor-section-height-default elementor-section-height-default\" data-id=\"723db785\" data-element_type=\"section\" data-e-type=\"section\">\n\t\t\t\t\t\t<div class=\"elementor-container elementor-column-gap-default\">\n\t\t\t\t\t<div class=\"elementor-column elementor-col-100 elementor-top-column elementor-element elementor-element-7738dd02\" data-id=\"7738dd02\" data-element_type=\"column\" data-e-type=\"column\">\n\t\t\t<div class=\"elementor-widget-wrap elementor-element-populated\">\n\t\t\t\t\t\t<div class=\"elementor-element elementor-element-1c521bec elementor-widget elementor-widget-heading\" data-id=\"1c521bec\" data-element_type=\"widget\" data-e-type=\"widget\" data-widget_type=\"heading.default\">\n\t\t\t\t\t<h2 class=\"elementor-heading-title elementor-size-default\"><p><b><span style=\"font-size:12.0pt;line-height:107%\">Quando \u00e8 bel tempo per viaggiare a  Mashhad? <\/span><span style=\"color: inherit;font-family: inherit\"><\/span><\/b><\/p><\/h2>\t\t\t\t<\/div>\n\t\t\t\t\t<\/div>\n\t\t<\/div>\n\t\t\t\t\t<\/div>\n\t\t<\/section>\n\t\t\t\t<section class=\"elementor-section elementor-top-section elementor-element elementor-element-2c63fdae elementor-section-boxed elementor-section-height-default elementor-section-height-default\" data-id=\"2c63fdae\" data-element_type=\"section\" data-e-type=\"section\">\n\t\t\t\t\t\t<div class=\"elementor-container elementor-column-gap-default\">\n\t\t\t\t\t<div class=\"elementor-column elementor-col-50 elementor-top-column elementor-element elementor-element-471b923a\" data-id=\"471b923a\" data-element_type=\"column\" data-e-type=\"column\">\n\t\t\t<div class=\"elementor-widget-wrap elementor-element-populated\">\n\t\t\t\t\t\t<div class=\"elementor-element elementor-element-66d86538 elementor-widget elementor-widget-text-editor\" data-id=\"66d86538\" data-element_type=\"widget\" data-e-type=\"widget\" data-widget_type=\"text-editor.default\">\n\t\t\t\t\t\t\t\t\t<p style=\"text-align: justify;\"><span style=\"color: #000000;\">Sia che tu voglia pianificare un viaggio in tempo o prenotare un viaggio last minute a Mashhad, i<strong> periodi migliori<\/strong> per volare a Mashhad sono da met\u00e0 aprile a met\u00e0 giugno e da met\u00e0 agosto a inizio ottobre, con un punteggio di picco nella seconda settimana di settembre.<\/span><\/p>\n<p style=\"text-align: justify;\"><span style=\"color: #000000;\">Mashhad ha un clima mediterraneo. Le estati sono calde e secche mentre in inverno la temperatura \u00e8 mite e parzialmente nuvoloso. Durante l&#8217;anno, la temperatura varia generalmente da -2 \u00b0 C a 33 \u00b0 C ed \u00e8 raramente inferiore a &#8211; 7 \u00b0 C o superiore a 37 \u00b0 C.<\/span><\/p>\t\t\t\t\t\t\t\t<\/div>\n\t\t\t\t\t<\/div>\n\t\t<\/div>\n\t\t\t\t<div class=\"elementor-column elementor-col-50 elementor-top-column elementor-element elementor-element-c1560a5\" data-id=\"c1560a5\" data-element_type=\"column\" data-e-type=\"column\">\n\t\t\t<div class=\"elementor-widget-wrap elementor-element-populated\">\n\t\t\t\t\t\t<div class=\"elementor-element elementor-element-5b39fa2 elementor-widget elementor-widget-image\" data-id=\"5b39fa2\" data-element_type=\"widget\" data-e-type=\"widget\" data-widget_type=\"image.default\">\n\t\t\t\t\t\t\t\t\t\t\t\t\t\t\t<img decoding=\"async\" width=\"583\" height=\"343\" src=\"https:\/\/friendlyiran.com\/wp-content\/uploads\/2020\/02\/Climate-Graph-Mashhad-Temperature-in-year-1.jpg\" class=\"attachment-full size-full wp-image-27742\" alt=\"\" srcset=\"https:\/\/friendlyiran.com\/wp-content\/uploads\/2020\/02\/Climate-Graph-Mashhad-Temperature-in-year-1.jpg 583w, https:\/\/friendlyiran.com\/wp-content\/uploads\/2020\/02\/Climate-Graph-Mashhad-Temperature-in-year-1-600x353.jpg 600w\" sizes=\"(max-width: 583px) 100vw, 583px\" \/>\t\t\t\t\t\t\t\t\t\t\t\t\t\t\t<\/div>\n\t\t\t\t\t<\/div>\n\t\t<\/div>\n\t\t\t\t\t<\/div>\n\t\t<\/section>\n\t\t\t\t<section class=\"elementor-section elementor-top-section elementor-element elementor-element-215dc01d elementor-section-boxed elementor-section-height-default elementor-section-height-default\" data-id=\"215dc01d\" data-element_type=\"section\" data-e-type=\"section\" data-settings=\"{&quot;background_background&quot;:&quot;gradient&quot;}\">\n\t\t\t\t\t\t<div class=\"elementor-container elementor-column-gap-default\">\n\t\t\t\t\t<div class=\"elementor-column elementor-col-100 elementor-top-column elementor-element elementor-element-29b98118\" data-id=\"29b98118\" data-element_type=\"column\" data-e-type=\"column\">\n\t\t\t<div class=\"elementor-widget-wrap elementor-element-populated\">\n\t\t\t\t\t\t<div class=\"elementor-element elementor-element-784d1e46 elementor-widget elementor-widget-text-editor\" data-id=\"784d1e46\" data-element_type=\"widget\" data-e-type=\"widget\" data-widget_type=\"text-editor.default\">\n\t\t\t\t\t\t\t\t\t<h3 style=\"text-align: center;\"><span style=\"color: #000000;\"><b> Il meteo di Mashhad\u00a0<\/b><\/span><\/h3>\t\t\t\t\t\t\t\t<\/div>\n\t\t\t\t<div class=\"elementor-element elementor-element-29645e94 elementor-widget elementor-widget-html\" data-id=\"29645e94\" data-element_type=\"widget\" data-e-type=\"widget\" data-widget_type=\"html.default\">\n\t\t\t\t\t<p><a class=\"weatherwidget-io\" href=\"https:\/\/forecast7.com\/en\/29d5952d58\/mashhad\/\" data-label_1=\"mashhad\" data-label_2=\"WEATHER\" data-icons=\"Climacons Animated\" data-theme=\"original\" style=\"display: block; position: relative; height: 97px; padding: 0px; overflow: hidden; text-align: left; text-indent: -299rem;\">mashhad WEATHER<iframe id=\"weatherwidget-io-0\" class=\"weatherwidget-io-frame\" scrolling=\"no\" frameborder=\"0\" width=\"100%\" src=\"https:\/\/weatherwidget.io\/w\/\" style=\"display: block; position: absolute; top: 0px; height: 97px;\"><\/iframe><\/a><br><script>\r\n!function(d,s,id){var js,fjs=d.getElementsByTagName(s)[0];if(!d.getElementById(id)){js=d.createElement(s);js.id=id;js.src='https:\/\/weatherwidget.io\/js\/widget.min.js';fjs.parentNode.insertBefore(js,fjs);}}(document,'script','weatherwidget-io-js');\r\n<\/script><\/p>\t\t\t\t<\/div>\n\t\t\t\t\t<\/div>\n\t\t<\/div>\n\t\t\t\t\t<\/div>\n\t\t<\/section>\n\t\t\t\t<section class=\"elementor-section elementor-top-section elementor-element elementor-element-3c7c9eff elementor-section-boxed elementor-section-height-default elementor-section-height-default\" data-id=\"3c7c9eff\" data-element_type=\"section\" data-e-type=\"section\" data-settings=\"{&quot;background_background&quot;:&quot;gradient&quot;}\">\n\t\t\t\t\t\t<div class=\"elementor-container elementor-column-gap-default\">\n\t\t\t\t\t<div class=\"elementor-column elementor-col-100 elementor-top-column elementor-element elementor-element-665da4ad\" data-id=\"665da4ad\" data-element_type=\"column\" data-e-type=\"column\">\n\t\t\t<div class=\"elementor-widget-wrap elementor-element-populated\">\n\t\t\t\t\t\t<div class=\"elementor-element elementor-element-73fe819 elementor-widget elementor-widget-image\" data-id=\"73fe819\" data-element_type=\"widget\" data-e-type=\"widget\" data-widget_type=\"image.default\">\n\t\t\t\t\t\t\t\t\t\t\t\t\t\t\t<img loading=\"lazy\" decoding=\"async\" width=\"500\" height=\"400\" src=\"https:\/\/friendlyiran.com\/wp-content\/uploads\/2020\/03\/Viaggio-a-Mashhad-friendlyiran-500x400.jpg\" class=\"attachment-thumbnail size-thumbnail wp-image-28905\" alt=\"\" \/>\t\t\t\t\t\t\t\t\t\t\t\t\t\t\t<\/div>\n\t\t\t\t<div class=\"elementor-element elementor-element-513c49cf elementor-widget elementor-widget-heading\" data-id=\"513c49cf\" data-element_type=\"widget\" data-e-type=\"widget\" data-widget_type=\"heading.default\">\n\t\t\t\t\t<h2 class=\"elementor-heading-title elementor-size-default\"><h3 style=\"text-align:left\"><b> Come andare a Mashhad in aereo\/treno:\u00a0<\/b><\/h3><\/h2>\t\t\t\t<\/div>\n\t\t\t\t<div class=\"elementor-element elementor-element-6daea90e elementor-widget elementor-widget-text-editor\" data-id=\"6daea90e\" data-element_type=\"widget\" data-e-type=\"widget\" data-widget_type=\"text-editor.default\">\n\t\t\t\t\t\t\t\t\t<p><span style=\"color: #000000;\">Mashhad si trova nel nord-est dell&#8217;Iran e ci sono molti voli interni e anche voli internazionali per raggiungere questa citt\u00e0 religiosa. Ci sono voli diretti giornalieri e settimanali per Mashhad da Dubai, Istanbul, Kuwait, Qatar, Beirut e tante altre citt\u00e0 in tutto il mondo. Pu\u00f2 essere organizzato per arrivare a Mashhad in aereo da Teheran o con volo diretto dal tuo paese.<\/span><\/p><p style=\"text-align: justify;\"><span style=\"color: #000000;\"><strong>Treno:<\/strong><\/span><\/p><p><span style=\"color: #000000;\">Ci sono diversi treni giornalieri da Mashhad a diverse citt\u00e0 come Teheran, Tabriz, Ahwaz, Yazd, Isfahan che offrono servizi qualificati e trasporti molto confortevoli a diversi livelli per tutti i tipi di passeggeri e pellegrini.<\/span><\/p>\t\t\t\t\t\t\t\t<\/div>\n\t\t\t\t<div class=\"elementor-element elementor-element-27bcc462 elementor-widget elementor-widget-spacer\" data-id=\"27bcc462\" data-element_type=\"widget\" data-e-type=\"widget\" data-widget_type=\"spacer.default\">\n\t\t\t\t\t\t\t<div class=\"elementor-spacer\">\n\t\t\t<div class=\"elementor-spacer-inner\"><\/div>\n\t\t<\/div>\n\t\t\t\t\t\t<\/div>\n\t\t\t\t<div class=\"elementor-element elementor-element-32a78409 elementor-widget elementor-widget-text-editor\" data-id=\"32a78409\" data-element_type=\"widget\" data-e-type=\"widget\" data-widget_type=\"text-editor.default\">\n\t\t\t\t\t\t\t\t\t<h3 style=\"text-align: center;\"><span style=\"color: #000000;\"><strong>Trova voli per Mashhad<\/strong><\/span><\/h3>\t\t\t\t\t\t\t\t<\/div>\n\t\t\t\t<section class=\"elementor-section elementor-inner-section elementor-element elementor-element-b8eacf8 elementor-section-boxed elementor-section-height-default elementor-section-height-default\" data-id=\"b8eacf8\" data-element_type=\"section\" data-e-type=\"section\">\n\t\t\t\t\t\t<div class=\"elementor-container elementor-column-gap-default\">\n\t\t\t\t\t<div class=\"elementor-column elementor-col-50 elementor-inner-column elementor-element elementor-element-475a2bb1\" data-id=\"475a2bb1\" data-element_type=\"column\" data-e-type=\"column\">\n\t\t\t<div class=\"elementor-widget-wrap\">\n\t\t\t\t\t\t\t<\/div>\n\t\t<\/div>\n\t\t\t\t<div class=\"elementor-column elementor-col-50 elementor-inner-column elementor-element elementor-element-1678f38d\" data-id=\"1678f38d\" data-element_type=\"column\" data-e-type=\"column\">\n\t\t\t<div class=\"elementor-widget-wrap elementor-element-populated\">\n\t\t\t\t\t\t<div class=\"elementor-element elementor-element-231f97d2 elementor-tabs-view-horizontal elementor-widget elementor-widget-tabs\" data-id=\"231f97d2\" data-element_type=\"widget\" data-e-type=\"widget\" data-widget_type=\"tabs.default\">\n\t\t\t\t\t\t\t<div class=\"elementor-tabs\">\n\t\t\t<div class=\"elementor-tabs-wrapper\" role=\"tablist\" >\n\t\t\t\t\t\t\t\t\t<div id=\"elementor-tab-title-5891\" class=\"elementor-tab-title elementor-tab-desktop-title\" aria-selected=\"true\" data-tab=\"1\" role=\"tab\" tabindex=\"0\" aria-controls=\"elementor-tab-content-5891\" aria-expanded=\"false\">Da Dubai a Mashhad<\/div>\n\t\t\t\t\t\t\t\t\t<div id=\"elementor-tab-title-5892\" class=\"elementor-tab-title elementor-tab-desktop-title\" aria-selected=\"false\" data-tab=\"2\" role=\"tab\" tabindex=\"-1\" aria-controls=\"elementor-tab-content-5892\" aria-expanded=\"false\">Da Lahore a Mashhad<\/div>\n\t\t\t\t\t\t\t\t\t<div id=\"elementor-tab-title-5893\" class=\"elementor-tab-title elementor-tab-desktop-title\" aria-selected=\"false\" data-tab=\"3\" role=\"tab\" tabindex=\"-1\" aria-controls=\"elementor-tab-content-5893\" aria-expanded=\"false\">Da Baghdad a Mashhad<\/div>\n\t\t\t\t\t\t\t<\/div>\n\t\t\t<div class=\"elementor-tabs-content-wrapper\" role=\"tablist\" aria-orientation=\"vertical\">\n\t\t\t\t\t\t\t\t\t<div class=\"elementor-tab-title elementor-tab-mobile-title\" aria-selected=\"true\" data-tab=\"1\" role=\"tab\" tabindex=\"0\" aria-controls=\"elementor-tab-content-5891\" aria-expanded=\"false\">Da Dubai a Mashhad<\/div>\n\t\t\t\t\t<div id=\"elementor-tab-content-5891\" class=\"elementor-tab-content elementor-clearfix\" data-tab=\"1\" role=\"tabpanel\" aria-labelledby=\"elementor-tab-title-5891\" tabindex=\"0\" hidden=\"false\"><\/div>\n\t\t\t\t\t\t\t\t\t<div class=\"elementor-tab-title elementor-tab-mobile-title\" aria-selected=\"false\" data-tab=\"2\" role=\"tab\" tabindex=\"-1\" aria-controls=\"elementor-tab-content-5892\" aria-expanded=\"false\">Da Lahore a Mashhad<\/div>\n\t\t\t\t\t<div id=\"elementor-tab-content-5892\" class=\"elementor-tab-content elementor-clearfix\" data-tab=\"2\" role=\"tabpanel\" aria-labelledby=\"elementor-tab-title-5892\" tabindex=\"0\" hidden=\"hidden\"><p><span style=\"color: #000000;\"><strong>Da Lahore a Mashhad &#8211; Voli LHE MHD &#8211; Prezzi economici<\/strong><\/span><\/p><p><span style=\"color: #000000;\">Da Pakistan a Iran<\/span><\/p><p>\u00a0<\/p><\/div>\n\t\t\t\t\t\t\t\t\t<div class=\"elementor-tab-title elementor-tab-mobile-title\" aria-selected=\"false\" data-tab=\"3\" role=\"tab\" tabindex=\"-1\" aria-controls=\"elementor-tab-content-5893\" aria-expanded=\"false\">Da Baghdad a Mashhad<\/div>\n\t\t\t\t\t<div id=\"elementor-tab-content-5893\" class=\"elementor-tab-content elementor-clearfix\" data-tab=\"3\" role=\"tabpanel\" aria-labelledby=\"elementor-tab-title-5893\" tabindex=\"0\" hidden=\"hidden\"><p><strong>Da Baghdad a Mashhad &#8211; Voli da BGW -Iraq a\u00a0 \/\/\u00a0 MHD- Iran\u00a0 &#8211; Prezzi economici<\/strong><\/p><p><br \/><br \/><\/p><\/div>\n\t\t\t\t\t\t\t<\/div>\n\t\t<\/div>\n\t\t\t\t\t\t<\/div>\n\t\t\t\t\t<\/div>\n\t\t<\/div>\n\t\t\t\t<div class=\"elementor-column elementor-col-50 elementor-inner-column elementor-element elementor-element-3e9fff8\" data-id=\"3e9fff8\" data-element_type=\"column\" data-e-type=\"column\">\n\t\t\t<div class=\"elementor-widget-wrap\">\n\t\t\t\t\t\t\t<\/div>\n\t\t<\/div>\n\t\t\t\t\t<\/div>\n\t\t<\/section>\n\t\t\t\t\t<\/div>\n\t\t<\/div>\n\t\t\t\t\t<\/div>\n\t\t<\/section>\n\t\t\t\t<section class=\"elementor-section elementor-top-section elementor-element elementor-element-1089147e elementor-section-boxed elementor-section-height-default elementor-section-height-default\" data-id=\"1089147e\" data-element_type=\"section\" data-e-type=\"section\">\n\t\t\t\t\t\t<div class=\"elementor-container elementor-column-gap-default\">\n\t\t\t\t\t<div class=\"elementor-column elementor-col-100 elementor-top-column elementor-element elementor-element-7d13a169\" data-id=\"7d13a169\" data-element_type=\"column\" data-e-type=\"column\">\n\t\t\t<div class=\"elementor-widget-wrap elementor-element-populated\">\n\t\t\t\t\t\t<div class=\"elementor-element elementor-element-1e899bde elementor-tabs-view-horizontal elementor-widget elementor-widget-tabs\" data-id=\"1e899bde\" data-element_type=\"widget\" data-e-type=\"widget\" data-widget_type=\"tabs.default\">\n\t\t\t\t\t\t\t<div class=\"elementor-tabs\">\n\t\t\t<div class=\"elementor-tabs-wrapper\" role=\"tablist\" >\n\t\t\t\t\t\t\t\t\t<div id=\"elementor-tab-title-5121\" class=\"elementor-tab-title elementor-tab-desktop-title\" aria-selected=\"true\" data-tab=\"1\" role=\"tab\" tabindex=\"0\" aria-controls=\"elementor-tab-content-5121\" aria-expanded=\"false\">I migliori ristoranti e cibi in Mashhad<\/div>\n\t\t\t\t\t\t\t\t\t<div id=\"elementor-tab-title-5122\" class=\"elementor-tab-title elementor-tab-desktop-title\" aria-selected=\"false\" data-tab=\"2\" role=\"tab\" tabindex=\"-1\" aria-controls=\"elementor-tab-content-5122\" aria-expanded=\"false\">I migliori posti da visitare a Mashhad<\/div>\n\t\t\t\t\t\t\t<\/div>\n\t\t\t<div class=\"elementor-tabs-content-wrapper\" role=\"tablist\" aria-orientation=\"vertical\">\n\t\t\t\t\t\t\t\t\t<div class=\"elementor-tab-title elementor-tab-mobile-title\" aria-selected=\"true\" data-tab=\"1\" role=\"tab\" tabindex=\"0\" aria-controls=\"elementor-tab-content-5121\" aria-expanded=\"false\">I migliori ristoranti e cibi in Mashhad<\/div>\n\t\t\t\t\t<div id=\"elementor-tab-content-5121\" class=\"elementor-tab-content elementor-clearfix\" data-tab=\"1\" role=\"tabpanel\" aria-labelledby=\"elementor-tab-title-5121\" tabindex=\"0\" hidden=\"false\"><p>\u00a0<\/p><p>[amhd]<\/p><\/div>\n\t\t\t\t\t\t\t\t\t<div class=\"elementor-tab-title elementor-tab-mobile-title\" aria-selected=\"false\" data-tab=\"2\" role=\"tab\" tabindex=\"-1\" aria-controls=\"elementor-tab-content-5122\" aria-expanded=\"false\">I migliori posti da visitare a Mashhad<\/div>\n\t\t\t\t\t<div id=\"elementor-tab-content-5122\" class=\"elementor-tab-content elementor-clearfix\" data-tab=\"2\" role=\"tabpanel\" aria-labelledby=\"elementor-tab-title-5122\" tabindex=\"0\" hidden=\"hidden\"><p>[fmhd]<\/p><\/div>\n\t\t\t\t\t\t\t<\/div>\n\t\t<\/div>\n\t\t\t\t\t\t<\/div>\n\t\t\t\t\t<\/div>\n\t\t<\/div>\n\t\t\t\t\t<\/div>\n\t\t<\/section>\n\t\t\t\t<\/div>\n\t\t","protected":false},"excerpt":{"rendered":"<p>Mashhad \u00e8 la seconda citt\u00e0 pi\u00f9 grande dell&#8217;Iran e la pi\u00f9 importante dal punto di vista religioso. La sua attrazione principale \u00e8 il bellissimo Haram (complesso del santuario), vasto e in continua espansione, che commemora il martirio di Reza, l&#8217;ottavo imam. Inoltre, con un&#8217;escursione di un giorno pi\u00f9 breve, \u00e8 possibile raggiungere l&#8217;antico villaggio di [&hellip;]<\/p>\n","protected":false},"author":369,"featured_media":25900,"parent":0,"menu_order":0,"comment_status":"open","ping_status":"closed","template":"template-home-modern.php","meta":{"_acf_changed":false,"footnotes":""},"class_list":["post-28888","page","type-page","status-publish","has-post-thumbnail","hentry"],"acf":[],"_links":{"self":[{"href":"https:\/\/friendlyiran.com\/it\/wp-json\/wp\/v2\/pages\/28888","targetHints":{"allow":["GET"]}}],"collection":[{"href":"https:\/\/friendlyiran.com\/it\/wp-json\/wp\/v2\/pages"}],"about":[{"href":"https:\/\/friendlyiran.com\/it\/wp-json\/wp\/v2\/types\/page"}],"author":[{"embeddable":true,"href":"https:\/\/friendlyiran.com\/it\/wp-json\/wp\/v2\/users\/369"}],"replies":[{"embeddable":true,"href":"https:\/\/friendlyiran.com\/it\/wp-json\/wp\/v2\/comments?post=28888"}],"version-history":[{"count":0,"href":"https:\/\/friendlyiran.com\/it\/wp-json\/wp\/v2\/pages\/28888\/revisions"}],"wp:featuredmedia":[{"embeddable":true,"href":"https:\/\/friendlyiran.com\/it\/wp-json\/wp\/v2\/media\/25900"}],"wp:attachment":[{"href":"https:\/\/friendlyiran.com\/it\/wp-json\/wp\/v2\/media?parent=28888"}],"curies":[{"name":"wp","href":"https:\/\/api.w.org\/{rel}","templated":true}]}}